{"id":5502,"date":"2023-02-08T16:09:50","date_gmt":"2023-02-08T22:09:50","guid":{"rendered":"https:\/\/cbtm.ca\/ou-obtenir-nos-services\/"},"modified":"2024-07-09T11:43:12","modified_gmt":"2024-07-09T16:43:12","slug":"ou-obtenir-nos-services","status":"publish","type":"page","link":"https:\/\/cbtm.ca\/fr-ca\/a-propos\/ou-obtenir-nos-services\/","title":{"rendered":"O\u00f9 obtenir nos services"},"content":{"rendered":"\n<div class=\"wp-block-genesis-blocks-gb-columns submenu-navigation about-submenu gb-layout-columns-1 one-column has-theme-secondary-color alignfull\" style=\"margin-top:20px;margin-bottom:20px;padding-right:15%;padding-left:15%\"><div class=\"gb-layout-column-wrap gb-block-layout-column-gap-0 gb-is-responsive-column\">\n<div class=\"wp-block-genesis-blocks-gb-column gb-block-layout-column\"><div class=\"gb-block-layout-column-inner\"><nav style=\"font-size:25px;font-style:normal;font-weight:700;text-transform:capitalize;\" class=\"items-justified-space-between alignfull wp-block-navigation is-content-justification-space-between is-layout-flex wp-container-core-navigation-is-layout-3d213aab wp-block-navigation-is-layout-flex\" aria-label=\"\u00c0 propos du menu\"><ul style=\"font-size:25px;font-style:normal;font-weight:700;text-transform:capitalize;\" class=\"wp-block-navigation__container items-justified-space-between alignfull wp-block-navigation\"><li style=\"font-size: 25px;\" class=\" wp-block-navigation-item wp-block-navigation-link\"><a class=\"wp-block-navigation-item__content\"  href=\"https:\/\/cbtm.ca\/fr-ca\/notre-equipe\/\"><span class=\"wp-block-navigation-item__label\">Notre \u00e9quipe<\/span><\/a><\/li><li style=\"font-size: 25px;\" class=\" wp-block-navigation-item wp-block-navigation-link\"><a class=\"wp-block-navigation-item__content\"  href=\"https:\/\/cbtm.ca\/fr-ca\/a-propos\/financement-et-partenariats\/\"><span class=\"wp-block-navigation-item__label\">Financement et partenariats<\/span><\/a><\/li><li style=\"font-size: 25px;\" class=\" wp-block-navigation-item wp-block-navigation-link\"><a class=\"wp-block-navigation-item__content\"  href=\"https:\/\/cbtm.ca\/fr-ca\/ou-obtenir-nos-services\/\"><span class=\"wp-block-navigation-item__label\">O\u00f9 obtenir nos services<\/span><\/a><\/li><li style=\"font-size: 25px;\" class=\" wp-block-navigation-item wp-block-navigation-link\"><a class=\"wp-block-navigation-item__content\"  href=\"https:\/\/cbtm.ca\/fr-ca\/a-propos\/galerie-de-photos\/\"><span class=\"wp-block-navigation-item__label\">Galerie de photos<\/span><\/a><\/li><li style=\"font-size: 25px;\" class=\" wp-block-navigation-item wp-block-navigation-link\"><a class=\"wp-block-navigation-item__content\"  href=\"https:\/\/cbtm.ca\/fr-ca\/a-propos\/publication\/\"><span class=\"wp-block-navigation-item__label\">Publications<\/span><\/a><\/li><li style=\"font-size: 25px;\" class=\" wp-block-navigation-item wp-block-navigation-link\"><a class=\"wp-block-navigation-item__content\"  href=\"https:\/\/cbtm.ca\/fr-ca\/media\/\"><span class=\"wp-block-navigation-item__label\">M\u00e9dia<\/span><\/a><\/li><li style=\"font-size: 25px;\" class=\" wp-block-navigation-item wp-block-navigation-link\"><a class=\"wp-block-navigation-item__content\"  href=\"https:\/\/cbtm.ca\/fr-ca\/a-propos\/questions-frequentes\/\"><span class=\"wp-block-navigation-item__label\">Questions fr\u00e9quentes<\/span><\/a><\/li><\/ul><\/nav><\/div><\/div>\n<\/div><\/div>\n\n\n\n<div class=\"wp-block-genesis-blocks-gb-columns gb-layout-columns-2 gb-2-col-wideleft has-white-background-color alignfull\" style=\"padding-top:5%;padding-right:15%;padding-bottom:5%;padding-left:15%\"><div class=\"gb-layout-column-wrap gb-block-layout-column-gap-0 gb-is-responsive-column\">\n<div class=\"wp-block-genesis-blocks-gb-column gb-block-layout-column\"><div class=\"gb-block-layout-column-inner\">\n<h1 class=\"wp-block-heading alignfull\">O\u00f9 obtenir nos services<\/h1>\n\n\n\n<p>Voici une liste des diff\u00e9rents sites qui offrent des services de TCCpc, au Manitoba et au Canada. Les sites sont regroup\u00e9s en fonction du lieu de prestation des services, soit par les Offices r\u00e9gionaux de la sant\u00e9, par des \u00e9tablissements provinciaux (au Manitoba) ou \u00e0 l\u2019\u00e9chelle nationale. Le menu d\u00e9roulant permet de voir individuellement les sites. Chaque site a son propre processus d\u2019accueil. Des coordonn\u00e9es sont fournies pour communiquer directement avec l\u2019organisation afin d\u2019obtenir plus d\u2019information (t\u00e9l\u00e9phone ou site Web).<\/p>\n<\/div><\/div>\n\n\n\n<div class=\"wp-block-genesis-blocks-gb-column gb-block-layout-column\"><div class=\"gb-block-layout-column-inner\">\n<p><\/p>\n<\/div><\/div>\n<\/div><\/div>\n\n\n\n<div class=\"wp-block-genesis-blocks-gb-columns gb-layout-columns-2 gb-2-col-wideright alignfull\" style=\"padding-top:5%;padding-right:15%;padding-bottom:5%;padding-left:15%\"><div class=\"gb-layout-column-wrap gb-block-layout-column-gap-2 gb-is-responsive-column\">\n<div class=\"wp-block-genesis-blocks-gb-column pop-card gb-block-layout-column\"><div class=\"gb-block-layout-column-inner has-white-background-color\" style=\"padding:3%\">\n<figure role=\"none\" class=\"wp-block-image size-full\"><img loading=\"lazy\" decoding=\"async\" width=\"528\" height=\"763\" src=\"https:\/\/cbtm.ca\/wp-content\/uploads\/2023\/02\/map.jpg\" alt=\"Carte des Offices r\u00e9gionaux de la sant\u00e9 du Manitoba - Nord, Winnipeg (Churchill), Entre-les-Lacs et Est, Sant\u00e9 de Prairie Mountain, Southern Health-Sant\u00e9 Sud, Winnipeg\" class=\"wp-image-2831\" srcset=\"https:\/\/cbtm.ca\/wp-content\/uploads\/2023\/02\/map.jpg 528w, https:\/\/cbtm.ca\/wp-content\/uploads\/2023\/02\/map-208x300.jpg 208w\" sizes=\"auto, (max-width: 528px) 100vw, 528px\" \/><\/figure>\n<\/div><\/div>\n\n\n\n<div class=\"wp-block-genesis-blocks-gb-column gb-block-layout-column\"><div class=\"gb-block-layout-column-inner\"><button class=\"custom-accordion\">Office r\u00e9gional de la sant\u00e9 de Winnipeg&nbsp;<span id=\"accordion-year\"><\/span>&nbsp;&nbsp;&nbsp;<\/button>\n<div class=\"panel\">\n  <p><ul>\n<li><strong>Centre d&rsquo;acc&egrave;s Centre-ville\/Point Douglas &ndash; Mon &eacute;quipe personnelle de sant&eacute;<\/strong><br \/>&nbsp; &nbsp; T&eacute;l: 204-940-3638&nbsp; &#8211; <a href=\"https:\/\/wrha.mb.ca\/fr\/lieux-et-services\/centres-dacces-communautaires\/\" target=\"_blank\" rel=\"noopener\">Lien vers le site Web<\/a><\/li>\n<li><strong>Centre d&rsquo;acc&egrave;s NorWest<\/strong><br \/>&nbsp; &nbsp; T&eacute;l: 204-938-5900&nbsp; &#8211;&nbsp; <span style=\"text-decoration: underline\"><a href=\"https:\/\/norwestcoop.ca\/\" target=\"_blank\" rel=\"noopener\">Lien vers le site Web<\/a><\/span><\/li>\n<li><strong>Acc&egrave;s Centre de Sant&eacute;<\/strong><br \/>&nbsp; &nbsp; T&eacute;l: 204-940-1150&nbsp; &#8211;&nbsp; <span style=\"text-decoration: underline\"><a href=\"https:\/\/centredesante.mb.ca\/\" target=\"_blank\" rel=\"noopener\">Lien vers le site Web<\/a><\/span><\/li>\n<li><strong>Centre d&rsquo;acc&egrave;s Transcona\/River East &ndash; Mon &eacute;quipe personnelle de sant&eacute;<\/strong><br \/>&nbsp; &nbsp; T&eacute;l: 204-938-5555&nbsp; &#8211;&nbsp; <span style=\"text-decoration: underline\"><a href=\"https:\/\/wrha.mb.ca\/fr\/lieux-et-services\/centres-dacces-communautaires\/\" target=\"_blank\" rel=\"noopener\">Lien vers le site Web<\/a><\/span><\/li>\n<li><strong>Centre d&rsquo;acc&egrave;s Winnipeg Ouest &ndash; Mon &eacute;quipe personnelle de sant&eacute; St. James\/Assiniboine Sud<\/strong> <br \/>&nbsp; &nbsp; T&eacute;l: 204-788-8330 &nbsp;&#8211;&nbsp; <span style=\"text-decoration: underline\"><a href=\"https:\/\/gracehospital.ca\/access-winnipeg-west\/\" target=\"_blank\" rel=\"noopener\">Lien vers le site Web<\/a><\/span><\/li>\n<li><strong>Fondation manitobaine de lutte contre les d&eacute;pendances (AFM)<\/strong><br \/>&nbsp; &nbsp; T&eacute;l: 204-944-6200&nbsp; &#8211;&nbsp; <span style=\"text-decoration: underline\"><a href=\"https:\/\/afm.mb.ca\/programmes-et-services\/pour-les-adultes\/?lang=fr\" target=\"_blank\" rel=\"noopener\">Lien vers le site Web<\/a><\/span><\/li>\n<li><strong>Centre de renouveau Aulneau<\/strong><br \/>&nbsp; &nbsp; T&eacute;l: 204-987-7090 &#8211;&nbsp; <span style=\"text-decoration: underline\"><a href=\"https:\/\/aulneau.com\/fr\/\" target=\"_blank\" rel=\"noopener\">Lien vers le site Web<\/a><\/span><\/li>\n<li><strong>ActionCancer<\/strong><br \/>&nbsp; &nbsp; T&eacute;l: 204-787-2197&nbsp; &#8211;&nbsp; <span style=\"text-decoration: underline\"><a href=\"https:\/\/www.cancercare.mb.ca\/home\/\" target=\"_blank\" rel=\"noopener\">Lien vers le site Web<\/a><\/span><\/li>\n<li><strong>Centre d&rsquo;intervention d&rsquo;urgence en sant&eacute; mentale<\/strong><br \/>&nbsp; &nbsp; T&eacute;l: 204-940-1781&nbsp; &#8211;&nbsp; <span style=\"text-decoration: underline\"><a href=\"https:\/\/soinscommunsmb.ca\/services\/sante-mentale\/services-de-sante-mentale\/centre-intervention-urgence\/\" target=\"_blank\" rel=\"noopener\">Lien vers le site Web<\/a><\/span><\/li>\n<li><strong>H&ocirc;pital Grace<\/strong><br \/>&nbsp; &nbsp; T&eacute;l: 204-788-8330&nbsp; &#8211;&nbsp; <span style=\"text-decoration: underline\"><a href=\"https:\/\/gracehospital.ca\/\" target=\"_blank\" rel=\"noopener\">Lien vers le site Web<\/a><\/span><\/li>\n<li><strong>Centre des sciences de la sant&eacute; &ndash; Programme sur les troubles de l&rsquo;humeur et d&rsquo;anxi&eacute;t&eacute; chez les adultes<\/strong><br \/>&nbsp; &nbsp; T&eacute;l: 204-787-7078&nbsp; &#8211;&nbsp; <span style=\"text-decoration: underline\"><a href=\"https:\/\/soinscommunsmb.ca\/services\/sante-mentale\/\" target=\"_blank\" rel=\"noopener\">Lien vers le site Web<\/a><\/span><\/li>\n<li><strong>&Eacute;quipes de ressources sur le vieillissement en sant&eacute;<\/strong><br \/>&nbsp; &nbsp; T&eacute;l: 204-940-2114 (River East\/Transcona)&nbsp; &#8211;&nbsp; <span style=\"text-decoration: underline\"><a href=\"https:\/\/wrha.mb.ca\/fr\/services-de-soutien-aux-aines\/equipes-de-ressources-sur-le-vieillissement-en-sante\/\" target=\"_blank\" rel=\"noopener\">Lien vers le site Web<\/a><br \/><\/span>&nbsp; &nbsp; T&eacute;l: 204-940-3261 (St-James\/Assiniboia)<br \/>&nbsp; &nbsp; T&eacute;l: 204-940-8140 (Centre-ville\/Point Douglas)<\/li>\n<li><strong>Services de counseling et de soutien par les pairs HeartSway<\/strong><br \/>&nbsp; &nbsp; T&eacute;l: 204-799-7692&nbsp; &#8211;&nbsp; <span style=\"text-decoration: underline\"><a href=\"https:\/\/janelleheartsway.weebly.com\/\" target=\"_blank\" rel=\"noopener\">Lien vers le site Web<\/a><\/span><\/li>\n<li><strong>Mood Disorders Association of Manitoba (MDAM)<\/strong><br \/>&nbsp; &nbsp; T&eacute;l: 204-786-0987&nbsp; &#8211;&nbsp; <span style=\"text-decoration: underline\"><a href=\"https:\/\/moodmb.ca\/programs-services\/\" target=\"_blank\" rel=\"noopener\">Lien vers le site Web<\/a><\/span><\/li>\n<li><strong>Clinique Mount Carmel<\/strong><br \/>&nbsp; &nbsp; T&eacute;l: 204-582-2311&nbsp; &#8211;&nbsp; <span style=\"text-decoration: underline\"><a href=\"https:\/\/www.mountcarmel.ca\/how-we-help\/community-services\/\" target=\"_blank\" rel=\"noopener\">Lien vers le site Web<\/a><\/span><\/li>\n<li><strong> Clinique m&eacute;dicale Natawiwewak (Quest Health)<\/strong><br \/>&nbsp; &nbsp; T&eacute;l: 204-417-8877&nbsp; &#8211;&nbsp; <span style=\"text-decoration: underline\"><a href=\"https:\/\/questhealth.ca\/mental-wellness\/\" target=\"_blank\" rel=\"noopener\">Lien vers le site Web<\/a><\/span><\/li>\n<li><strong>Carrefour jeunesse NorWest Co-op<\/strong><br \/>&nbsp; &nbsp; T&eacute;l: 204-221-9800&nbsp; &#8211;&nbsp; <span style=\"text-decoration: underline\"><a href=\"https:\/\/norwestcoop.ca\/locations\/www-huddlenorwest-ca\/\" target=\"_blank\" rel=\"noopener\">Lien vers le site Web<\/a><\/span><\/li>\n<li><strong>OCD Centre Manitoba (trouble obsessionnel-compulsif)<\/strong><br \/>&nbsp; &nbsp; T&eacute;l: 204-982-6100&nbsp; &#8211;&nbsp; <span style=\"text-decoration: underline\"><a href=\"https:\/\/mbwpg.cmha.ca\/programs-services\/the-ocd-centre-manitoba\/\" target=\"_blank\" rel=\"noopener\">Lien vers le site Web<\/a><\/span><\/li>\n<li><strong>Clinique pour traumatismes li&eacute;s au stress op&eacute;rationnel &ndash; Deer Lodge Centre<\/strong><br \/>&nbsp; &nbsp; T&eacute;l: 204-831-3420&nbsp; &#8211;&nbsp; <span style=\"text-decoration: underline\"><a href=\"https:\/\/deerlodge.mb.ca\/clinics-at-dlc\/osi-clinic\/\" target=\"_blank\" rel=\"noopener\">Lien vers le site Web<\/a><\/span><\/li>\n<li><strong>Sara Riel<\/strong><br \/>&nbsp; &nbsp; T&eacute;l: 204-237-9263 ext. 149&nbsp; &#8211;&nbsp; <span style=\"text-decoration: underline\"><a href=\"https:\/\/sarariel.ca\/our-services\/intake\/\" target=\"_blank\" rel=\"noopener\">Lien vers le site Web<\/a><\/span><\/li>\n<li><strong>Services en sant&eacute; mentale Shared Mental Health Care<\/strong><strong><br \/><\/strong>&nbsp; &nbsp; T&eacute;l: 204-788-8330&nbsp; &#8211;&nbsp; <span style=\"text-decoration: underline\"><a href=\"https:\/\/wrha.mb.ca\/mental-health\/shared-mental-health-care\/\" target=\"_blank\" rel=\"noopener\">Lien vers le site Web<\/a><\/span><strong><br \/><\/strong><\/li>\n<li><strong>&Eacute;quipe en sant&eacute; mentale de Winnipeg Sud &ndash; Mon &eacute;quipe personnelle de sant&eacute; River Heights\/Centre d&rsquo;acc&egrave;s Fort Garry<\/strong><br \/>&nbsp; &nbsp; T&eacute;l: 204-940-7452&nbsp; &#8211;&nbsp; <span style=\"text-decoration: underline\"><a href=\"https:\/\/wrha.mb.ca\/groups\/chronic-pain-self-management\/\" target=\"_blank\" rel=\"noopener\">Lien vers le site Web<\/a><\/span><\/li>\n<li><strong>H&ocirc;pital Saint-Boniface<\/strong><br \/>&nbsp; &nbsp; T&eacute;l: 204-235-3053&nbsp; &#8211;&nbsp; <span style=\"text-decoration: underline\"><a href=\"https:\/\/stbonifacehospital.ca\/fr\/soins-aux-patients\/programmes-cliniques\/sante-mentale\/\" target=\"_blank\" rel=\"noopener\">Lien vers le site Web<\/a><\/span><\/li>\n<li><strong>St. Mary&rsquo;s Academy<\/strong><br \/>&nbsp; &nbsp; T&eacute;l: 204-477-0244&nbsp; &#8211;&nbsp; <span style=\"text-decoration: underline\"><a href=\"https:\/\/www.smamb.ca\/news\/WellnessResources\/\" target=\"_blank\" rel=\"noopener\">Lien vers le site Web<\/a><\/span><\/li>\n<li><strong>Clinique m&eacute;dicale Transcona<\/strong><br \/>&nbsp; &nbsp; T&eacute;l: 204-222-5221&nbsp;&nbsp;<\/li>\n<li><strong>True North Youth Foundation<\/strong><br \/>&nbsp; &nbsp; T&eacute;l: 204-987-7825&nbsp; &#8211;&nbsp; <span style=\"text-decoration: underline\"><a href=\"https:\/\/www.truenorthyouthfoundation.com\/\" target=\"_blank\" rel=\"noopener\">Lien vers le site Web<\/a><\/span><\/li>\n<li><strong>Wellness Centre de l&rsquo;Universit&eacute; de Winnipeg<\/strong><br \/>&nbsp; &nbsp; T&eacute;l: 204-786-9496&nbsp; &#8211;&nbsp; <span style=\"text-decoration: underline\"><a href=\"https:\/\/www.uwinnipeg.ca\/student-wellness\/\" target=\"_blank\" rel=\"noopener\">Lien vers le site Web<\/a><\/span><\/li>\n<li><strong>H&ocirc;pital Victoria<\/strong><br \/>&nbsp; &nbsp; T&eacute;l: 204-269-3570&nbsp; &#8211;&nbsp; <span style=\"text-decoration: underline\"><a href=\"https:\/\/vgh.mb.ca\/fr\/patients-fr\/programme-de-soins-aux-patients\/sante-mentale\/\" target=\"_blank\" rel=\"noopener\">Lien vers le site Web<\/a><\/span><\/li>\n<li><strong>Centre de ressources pour les familles de militaires de Winnipeg (CRFM)<\/strong><br \/>&nbsp; &nbsp; T&eacute;l: 204-833-2500 ext. 4500&nbsp; &#8211;&nbsp; <span style=\"text-decoration: underline\"><a href=\"https:\/\/sbmfc.ca\/winnipeg\" target=\"_blank\" rel=\"noopener\">Lien vers le site Web<\/a><\/span><\/li>\n<li><strong>ORSW et Mon &eacute;quipe personnelle de sant&eacute; &ndash; Seven Oaks\/Inkster<\/strong><br \/>&nbsp; &nbsp; T&eacute;l: 204-803-6257&nbsp; &#8211;&nbsp; <span style=\"text-decoration: underline\"><a href=\"https:\/\/sogh.ca\/\" target=\"_blank\" rel=\"noopener\">Lien vers le site Web<\/a><\/span><\/li>\n<li><strong>Centre de sant&eacute; communautaire Youville<\/strong><br \/>&nbsp; &nbsp; T&eacute;l: 204-255-4840&nbsp; &#8211;&nbsp; <span style=\"text-decoration: underline\"><a href=\"https:\/\/www.youville.ca\/centre-sant%C3%A9-communautaire\/\" target=\"_blank\" rel=\"noopener\">Lien vers le site Web<\/a><\/span><\/li>\n<\/ul><\/p>\n<\/div>\n\n\t\t<style>\/* Style the buttons that are used to open and close the accordion panel *\/\n\n.custom-accordion {\n  color: #444;\n  background-color: white;\n  cursor: pointer;\n  padding: 10px;\n  width: 100%;\n  text-align: left;\n  border: none;\n  outline: none;\n  transition: 0.4s;\n  color:#8864B9;\n  border-radius:5px;\n  margin-top:0px;\n}\n\n\/* Style the accordion panel. Note: hidden by default *\/\n.panel{\n  padding: 0 18px;\n  background-color: white;\n  display: none;\n  overflow: hidden;\n  border-bottom-left-radius:5px;\n  border-bottom-right-radius:5px;\n  padding:1%;\n}\n.panel.show{\n  display: block!important;\n}\n\n.indicator{\n      width: 0;\n      height: 0;\n      margin-top:10px!important;\n      border-left: 5px solid transparent;\n      border-right:5px solid transparent;\n      border-top: 10px solid red;\n  display: none;\n  overflow: hidden;\n }\n.custom-accordion:after {\n  content: '\\25BC'; \/* Unicode character for \"plus\" sign (+) *\/\n\tfont-family:'Bariol';\n\tfont-weight:900;\n\tfont-size:16px;\n\tcolor:#6DC0D5;\n}\n.button>.custom-accordion::after:hover,.custom-accordion::after:hover,.custom-accordion::after:focus,.custom-accordion::after:active{\n    color:white;\n}\n.active:after{\n  content: \"\\25B2\"; \/* Unicode character for \"minus\" sign (-) *\/\n\tfont-family:'Bariol';\n\tfont-weight:900;\n\tfont-size:16px;\n\tcolor:white;\n}\n.active>#accordion-year{\n\tfont-family:'Bariol';\n\tfont-weight:900;\n\tfont-size:16px;\n\tcolor:white;\n}\n\n\/* Add a background color to the button if it is clicked on (add the .active class with JS), and when you move the mouse over it (hover) *\/\n.active, .custom-accordion:hover,.custom-accordion:focus{\n  background-color: #8864B9;\n  color:white!important;\n  border-bottom-left-radius:0;\n  border-bottom-right-radius:0;\n}\n#accordion-year{\n    color:#6DC0D5;\n    text-decoration:none;\n}\n#accordion-year:hover{\n  color:white;\n}<\/style>\n\t\t\n\n<button class=\"custom-accordion\">Office r\u00e9gional de la sant\u00e9 d\u2019Entre-les-Lacs et de l\u2019Est&nbsp;<span id=\"accordion-year\"><\/span>&nbsp;&nbsp;&nbsp;<\/button>\n<div class=\"panel\">\n  <p><ul>\n<li><strong>Programme communautaire en sant&eacute; mentale<\/strong><br \/>&nbsp; &nbsp;T&eacute;l: 204-785-7752 ext. 1&nbsp; &#8211;&nbsp; <span style=\"text-decoration: underline\"><a href=\"https:\/\/www.ierha.ca\/fr\/programmes-et-services\/sante-mentale-et-dependances\/\" target=\"_blank\" rel=\"noopener\">Lien vers le site Web<\/a><\/span><br \/><br \/><\/li>\n<\/ul><\/p>\n<\/div>\n\n\n\n<button class=\"custom-accordion\">Office r\u00e9gional Southern Health-Sant\u00e9 Sud&nbsp;<span id=\"accordion-year\"><\/span>&nbsp;&nbsp;&nbsp;<\/button>\n<div class=\"panel\">\n  <p><ul>\n<li><strong>Southern Health-Sant&eacute; Sud Steinbach<\/strong><br \/>&nbsp; T&eacute;l: 204-428-2720&nbsp; &#8211;&nbsp; <span style=\"text-decoration: underline\"><a href=\"https:\/\/www.southernhealth.ca\/fr\/trouver-des-soins\/trouver-un-service\/sante-mentale-et-dependances\/\" target=\"_blank\" rel=\"noopener\">Lien vers le site Web<\/a><\/span><br \/>&nbsp; Num&eacute;ro sans frais au MB: 1-800-742-6509<\/li>\n<\/ul><\/p>\n<\/div>\n\n\n\n<button class=\"custom-accordion\">Office r\u00e9gional Sant\u00e9 Prairie Mountain&nbsp;<span id=\"accordion-year\"><\/span>&nbsp;&nbsp;&nbsp;<\/button>\n<div class=\"panel\">\n  <p><ul>\n<li><strong>Sant&eacute; Prairie Mountain Nord &ndash; Services de sant&eacute; communautaire de Dauphin<\/strong><br \/>&nbsp; &nbsp;T&eacute;l: 204-638-2118 (Dauphin et la r&eacute;gion ) &#8211;&nbsp; <span style=\"text-decoration: underline\"><a href=\"https:\/\/prairiemountainhealth.ca\/programs-and-services\/mental-health\/adults\/\" target=\"_blank\" rel=\"noopener\">Lien vers le site Web<\/a><\/span><br \/>&nbsp; T&eacute;l: 204-734-6601 (Swan River et la r&eacute;gion)<\/li>\n<li><strong>Sant&eacute; Prairie Mountain Sud &ndash; Services communautaires en sant&eacute; mentale pour les adultes<\/strong><br \/>&nbsp; T&eacute;l: 1-855-222-6011&nbsp; &#8211;&nbsp; <span style=\"text-decoration: underline\"><a href=\"https:\/\/prairiemountainhealth.ca\/programs-and-services\/mental-health\/adults\/\" target=\"_blank\" rel=\"noopener\">Lien vers le site Web<\/a><\/span><\/li>\n<\/ul><\/p>\n<\/div>\n\n\n\n<button class=\"custom-accordion\">Office r\u00e9gional de la sant\u00e9 du Nord&nbsp;<span id=\"accordion-year\"><\/span>&nbsp;&nbsp;&nbsp;<\/button>\n<div class=\"panel\">\n  <p><ul>\n<li><strong>Office r&eacute;gional de la sant&eacute; du Nord &ndash; Services communautaires en sant&eacute; mentale<\/strong><br \/>&nbsp; &nbsp;T&eacute;l: 204-687-1300 (Flin Flon)&nbsp; &#8211;&nbsp; <span style=\"text-decoration: underline\"><a href=\"https:\/\/northernhealthregion.com\/programs-and-services\/mental-health\/\" target=\"_blank\" rel=\"noopener\">Lien vers le site Web<\/a><\/span><\/li>\n<\/ul><\/p>\n<\/div>\n\n\n\n\n<div style=\"color:#ddd\" class=\"wp-block-genesis-blocks-gb-spacer gb-block-spacer gb-divider-solid gb-divider-size-1\"><hr style=\"height:50px\"\/><\/div>\n\n\n<button class=\"custom-accordion\">Sites provinciaux (Manitoba) &nbsp;<span id=\"accordion-year\"><\/span>&nbsp;&nbsp;&nbsp;<\/button>\n<div class=\"panel\">\n  <p><ul>\n<li><strong>Forces arm&eacute;es canadiennes (FAC) &ndash; Services en sant&eacute; mentale<\/strong><br \/>&nbsp; &nbsp;T&eacute;l: 204-833-2500 ext. 4500&nbsp; &#8211;&nbsp; <span style=\"text-decoration: underline\"><a href=\"https:\/\/www.canada.ca\/fr\/ministere-defense-nationale\/services\/avantages-militaires\/sante-mentale-militaires.html\" target=\"_blank\" rel=\"noopener\">Lien vers le site Web<\/a><\/span><\/li>\n<li><strong>Association canadienne pour la sant&eacute; mentale (ACSM)<\/strong><br \/>&nbsp; T&eacute;l: 204-982-6100&nbsp; &#8211;&nbsp; <span style=\"text-decoration: underline\"><a href=\"https:\/\/mbwpg.cmha.ca\/mental-health\/\" target=\"_blank\" rel=\"noopener\">Lien vers le site Web<\/a><\/span><\/li>\n<\/ul><\/p>\n<\/div>\n\n\n\n\n<div style=\"color:#ddd\" class=\"wp-block-genesis-blocks-gb-spacer gb-block-spacer gb-divider-solid gb-divider-size-1\"><hr style=\"height:49px\"\/><\/div>\n\n\n<button class=\"custom-accordion\">Sites nationaux&nbsp;<span id=\"accordion-year\"><\/span>&nbsp;&nbsp;&nbsp;<\/button>\n<div class=\"panel\">\n  <p><ul>\n<li><strong>Services de sant&eacute; de l&rsquo;Alberta<\/strong><br \/>&nbsp; &nbsp;T&eacute;l: 811&nbsp; &#8211;&nbsp; <span style=\"text-decoration: underline\"><a href=\"https:\/\/www.albertahealthservices.ca\/languages\/Page14052.aspx\" target=\"_blank\" rel=\"noopener\">Lien vers le site Web<\/a><\/span><\/li>\n<li><strong>Centre de sant&eacute; mentale Royal Ottawa (ROMHC)<\/strong><br \/>&nbsp; T&eacute;l: 613-722-6521&nbsp; &#8211;&nbsp; <span style=\"text-decoration: underline\"><a href=\"https:\/\/www.leroyal.ca\/\" target=\"_blank\" rel=\"noopener\">Lien vers le site Web<\/a><\/span><br \/>&nbsp; Num&eacute;ro sans frais: 1-800-987-6424<\/li>\n<li><strong>Facult&eacute; de m&eacute;decine de r&eacute;adaptation de l&rsquo;Universit&eacute; de l&rsquo;Alberta &ndash; Services aux &eacute;tudiants<\/strong><br \/>&nbsp; T&eacute;l: 780-492-2903&nbsp; &#8211;&nbsp; <a href=\"https:\/\/www.ualberta.ca\/rehabilitation\/student-services\/index.html\" target=\"_blank\" rel=\"noopener\">Lien vers le site Web<\/a><\/li>\n<li><strong>Forces arm&eacute;es canadiennes (FAC) &ndash; Halifax<\/strong><br \/>&nbsp; T&eacute;l: 1-800-866-4546&nbsp; &#8211;&nbsp; <span style=\"text-decoration: underline\"><a href=\"https:\/\/sbmfc.ca\/services-de-soutien\/sante-et-bien-etre\/sante-mentale\" target=\"_blank\" rel=\"noopener\">Lien vers le site Web<\/a><\/span><\/li>\n<\/ul><\/p>\n<\/div>\n\n<\/div><\/div>\n<\/div><\/div>\n","protected":false},"excerpt":{"rendered":"","protected":false},"author":4,"featured_media":0,"parent":5555,"menu_order":2,"comment_status":"closed","ping_status":"closed","template":"","meta":{"_monsterinsights_skip_tracking":false,"_monsterinsights_sitenote_active":false,"_monsterinsights_sitenote_note":"","_monsterinsights_sitenote_category":0,"_genesis_hide_title":false,"_genesis_hide_breadcrumbs":false,"_genesis_hide_singular_image":false,"_genesis_hide_footer_widgets":false,"_genesis_custom_body_class":"","_genesis_custom_post_class":"","_genesis_layout":"","_vp_format_video_url":"","_vp_image_focal_point":[],"footnotes":""},"class_list":{"0":"post-5502","1":"page","2":"type-page","3":"status-publish","5":"entry"},"aioseo_notices":[],"featured_image_src":null,"featured_image_src_square":null,"_links":{"self":[{"href":"https:\/\/cbtm.ca\/fr-ca\/wp-json\/wp\/v2\/pages\/5502","targetHints":{"allow":["GET"]}}],"collection":[{"href":"https:\/\/cbtm.ca\/fr-ca\/wp-json\/wp\/v2\/pages"}],"about":[{"href":"https:\/\/cbtm.ca\/fr-ca\/wp-json\/wp\/v2\/types\/page"}],"author":[{"embeddable":true,"href":"https:\/\/cbtm.ca\/fr-ca\/wp-json\/wp\/v2\/users\/4"}],"replies":[{"embeddable":true,"href":"https:\/\/cbtm.ca\/fr-ca\/wp-json\/wp\/v2\/comments?post=5502"}],"version-history":[{"count":0,"href":"https:\/\/cbtm.ca\/fr-ca\/wp-json\/wp\/v2\/pages\/5502\/revisions"}],"up":[{"embeddable":true,"href":"https:\/\/cbtm.ca\/fr-ca\/wp-json\/wp\/v2\/pages\/5555"}],"wp:attachment":[{"href":"https:\/\/cbtm.ca\/fr-ca\/wp-json\/wp\/v2\/media?parent=5502"}],"curies":[{"name":"wp","href":"https:\/\/api.w.org\/{rel}","templated":true}]}}