{"id":5540,"date":"2022-03-17T21:40:54","date_gmt":"2022-03-18T02:40:54","guid":{"rendered":"https:\/\/cbtm.ca\/page-daccueil\/"},"modified":"2026-03-24T14:46:35","modified_gmt":"2026-03-24T19:46:35","slug":"page-daccueil","status":"publish","type":"page","link":"https:\/\/cbtm.ca\/fr-ca\/","title":{"rendered":"Page d&rsquo;Accueil"},"content":{"rendered":"\n<div class=\"wp-block-genesis-blocks-gb-columns gb-layout-columns-1 one-column gb-columns-center alignwide\"><div class=\"gb-layout-column-wrap gb-block-layout-column-gap-2 gb-is-responsive-column\" style=\"max-width:1200px\">\n<div class=\"wp-block-genesis-blocks-gb-column gb-block-layout-column\"><div class=\"gb-block-layout-column-inner\">\n<div class=\"wp-block-themepunch-revslider revslider\" data-modal=\"false\" data-slidertitle=\"Accueil - (Home Intro Fr)\" style=\"\">\n\t\t\t<!-- START Accueil  (Home Intro Fr) REVOLUTION SLIDER 6.5.19 --><p class=\"rs-p-wp-fix\"><\/p>\n\t\t\t<rs-module-wrap id=\"rev_slider_7_1_wrapper\" data-source=\"gallery\" style=\"visibility:hidden;background:transparent;padding:0;margin:0px auto;margin-top:0;margin-bottom:0;\">\n\t\t\t\t<rs-module id=\"rev_slider_7_1\" style=\"\" data-version=\"6.5.19\">\n\t\t\t\t\t<rs-slides>\n\t\t\t\t\t\t<rs-slide style=\"position: absolute;\" data-key=\"rs-7\" data-title=\"Slide\" data-in=\"o:0;\" data-out=\"a:false;\">\n\t\t\t\t\t\t\t<img decoding=\"async\" src=\"\/\/cbtm.ca\/wp-content\/plugins\/revslider\/public\/assets\/assets\/dummy.png\" alt=\"Slide\" title=\"Page d&rsquo;Accueil\" class=\"rev-slidebg tp-rs-img rs-lazyload\" data-lazyload=\"\/\/cbtm.ca\/wp-content\/plugins\/revslider\/public\/assets\/assets\/transparent.png\" data-no-retina>\n<!--\n\t\t\t\t\t\t\t--><rs-group\n\t\t\t\t\t\t\t\tid=\"slider-7-slide-7-layer-6\" \n\t\t\t\t\t\t\t\tdata-type=\"group\"\n\t\t\t\t\t\t\t\tdata-rsp_ch=\"on\"\n\t\t\t\t\t\t\t\tdata-text=\"w:normal;s:20,20,20,7;l:0,0,0,9;\"\n\t\t\t\t\t\t\t\tdata-dim=\"w:100%;h:100%;\"\n\t\t\t\t\t\t\t\tdata-vbility=\"t,t,f,f\"\n\t\t\t\t\t\t\t\tdata-basealign=\"slide\"\n\t\t\t\t\t\t\t\tdata-frame_0=\"o:1;\"\n\t\t\t\t\t\t\t\tdata-frame_999=\"o:0;st:w;sA:9000;\"\n\t\t\t\t\t\t\t\tstyle=\"z-index:22;\"\n\t\t\t\t\t\t\t><!--\n\t\t\t\t\t\t\t\t--><rs-layer\n\t\t\t\t\t\t\t\t\tid=\"slider-7-slide-7-layer-0\" \n\t\t\t\t\t\t\t\t\tdata-type=\"image\"\n\t\t\t\t\t\t\t\t\tdata-rsp_ch=\"on\"\n\t\t\t\t\t\t\t\t\tdata-xy=\"xo:176px,176px,176px,69px;\"\n\t\t\t\t\t\t\t\t\tdata-text=\"w:normal;s:20,20,20,7;l:0,0,0,9;\"\n\t\t\t\t\t\t\t\t\tdata-dim=\"w:1328px,1328px,1328px,530px;h:415px,415px,415px,165px;\"\n\t\t\t\t\t\t\t\t\tdata-basealign=\"slide\"\n\t\t\t\t\t\t\t\t\tdata-frame_999=\"o:0;st:w;\"\n\t\t\t\t\t\t\t\t\tstyle=\"z-index:14;\"\n\t\t\t\t\t\t\t\t><img loading=\"lazy\" decoding=\"async\" src=\"\/\/cbtm.ca\/wp-content\/plugins\/revslider\/public\/assets\/assets\/dummy.png\" alt=\"Illustrated picture of people sitting on couches talking with each other\" class=\"tp-rs-img rs-lazyload\" width=\"2343\" height=\"732\" data-lazyload=\"\/\/cbtm.ca\/wp-content\/uploads\/2023\/01\/shutterstock_1988643209_Group_People_Sitting.jpg\" data-no-retina> \n\t\t\t\t\t\t\t\t<\/rs-layer><!--\n\n\t\t\t\t\t\t\t\t--><rs-layer\n\t\t\t\t\t\t\t\t\tid=\"slider-7-slide-7-layer-1\" \n\t\t\t\t\t\t\t\t\tdata-type=\"shape\"\n\t\t\t\t\t\t\t\t\tdata-rsp_ch=\"on\"\n\t\t\t\t\t\t\t\t\tdata-text=\"w:normal;s:20,20,20,7;l:0,0,0,9;\"\n\t\t\t\t\t\t\t\t\tdata-dim=\"w:100%;h:100%;\"\n\t\t\t\t\t\t\t\t\tdata-basealign=\"slide\"\n\t\t\t\t\t\t\t\t\tdata-frame_999=\"o:0;st:w;\"\n\t\t\t\t\t\t\t\t\tstyle=\"z-index:15;background-color:rgba(74,84,174,0.77);\"\n\t\t\t\t\t\t\t\t> \n\t\t\t\t\t\t\t\t<\/rs-layer><!--\n\n\t\t\t\t\t\t\t\t--><rs-layer\n\t\t\t\t\t\t\t\t\tid=\"slider-7-slide-7-layer-2\" \n\t\t\t\t\t\t\t\t\tdata-type=\"text\"\n\t\t\t\t\t\t\t\t\tdata-color=\"#4a54ae\"\n\t\t\t\t\t\t\t\t\tdata-rsp_ch=\"on\"\n\t\t\t\t\t\t\t\t\tdata-xy=\"xo:40px,40px,40px,15px;yo:55px,55px,55px,20px;\"\n\t\t\t\t\t\t\t\t\tdata-text=\"w:normal;s:40,40,40,15;l:50,50,50,19;fw:700,700,700,300;\"\n\t\t\t\t\t\t\t\t\tdata-dim=\"w:733px,733px,733px,292px;minh:0,0,0,none;\"\n\t\t\t\t\t\t\t\t\tdata-frame_999=\"o:0;st:w;\"\n\t\t\t\t\t\t\t\t\tstyle=\"z-index:20;font-family:'Quicksand';\"\n\t\t\t\t\t\t\t\t>Th\u00e9rapie cognitivo-comportementale de la pleine conscience \n\t\t\t\t\t\t\t\t<\/rs-layer><!--\n\n\t\t\t\t\t\t\t\t--><p\n\t\t\t\t\t\t\t\t\tid=\"slider-7-slide-7-layer-4\" \n\t\t\t\t\t\t\t\t\tclass=\"rs-layer introductory-block-content\"\n\t\t\t\t\t\t\t\t\tdata-type=\"text\"\n\t\t\t\t\t\t\t\t\tdata-color=\"#4a54ae\"\n\t\t\t\t\t\t\t\t\tdata-rsp_ch=\"on\"\n\t\t\t\t\t\t\t\t\tdata-xy=\"xo:44px,44px,44px,17px;yo:255px,255px,255px,101px;\"\n\t\t\t\t\t\t\t\t\tdata-text=\"w:normal;s:22,22,22,8;l:15,15,15,6;fw:600;\"\n\t\t\t\t\t\t\t\t\tdata-dim=\"w:536px,536px,536px,214px;\"\n\t\t\t\t\t\t\t\t\tdata-frame_999=\"o:0;st:w;\"\n\t\t\t\t\t\t\t\t\tstyle=\"z-index:18;font-family:'Open Sans';\"\n\t\t\t\t\t\t\t\t>Le programme d\u2019\u00e9ducation en TCCpc est con\u00e7u pour vous aider \u00e0 renforcer vos comp\u00e9tences et \u00e0 am\u00e9liorer votre bien-\u00eatre mental. \n\t\t\t\t\t\t\t\t<\/p><!--\n\n\t\t\t\t\t\t\t\t--><rs-layer\n\t\t\t\t\t\t\t\t\tid=\"slider-7-slide-7-layer-5\" \n\t\t\t\t\t\t\t\t\tdata-type=\"text\"\n\t\t\t\t\t\t\t\t\tdata-color=\"#4a54ae\"\n\t\t\t\t\t\t\t\t\tdata-rsp_ch=\"on\"\n\t\t\t\t\t\t\t\t\tdata-xy=\"xo:42px,42px,42px,16px;yo:195px,195px,195px,77px;\"\n\t\t\t\t\t\t\t\t\tdata-text=\"w:normal;s:35,35,35,13;l:60,60,60,23;fw:600,600,600,300;\"\n\t\t\t\t\t\t\t\t\tdata-dim=\"w:493px,493px,493px,196px;minh:0,0,0,none;\"\n\t\t\t\t\t\t\t\t\tdata-frame_999=\"o:0;st:w;\"\n\t\t\t\t\t\t\t\t\tstyle=\"z-index:19;font-family:'Quicksand';\"\n\t\t\t\t\t\t\t\t>Comp\u00e9tences pour la Vie \n\t\t\t\t\t\t\t\t<\/rs-layer><!--\n\n\t\t\t\t\t\t\t\t--><rs-layer\n\t\t\t\t\t\t\t\t\tid=\"slider-7-slide-7-layer-10\" \n\t\t\t\t\t\t\t\t\tdata-type=\"image\"\n\t\t\t\t\t\t\t\t\tdata-rsp_ch=\"on\"\n\t\t\t\t\t\t\t\t\tdata-xy=\"xo:10px,10px,10px,3px;yo:-9px,-9px,-9px,-3px;\"\n\t\t\t\t\t\t\t\t\tdata-text=\"w:normal;s:20,20,20,7;l:0,0,0,9;\"\n\t\t\t\t\t\t\t\t\tdata-dim=\"w:['100%','100%','100%','100%'];h:606px,606px,606px,241px;\"\n\t\t\t\t\t\t\t\t\tdata-basealign=\"slide\"\n\t\t\t\t\t\t\t\t\tdata-frame_999=\"o:0;st:w;\"\n\t\t\t\t\t\t\t\t\tstyle=\"z-index:16;\"\n\t\t\t\t\t\t\t\t><img loading=\"lazy\" decoding=\"async\" src=\"\/\/cbtm.ca\/wp-content\/plugins\/revslider\/public\/assets\/assets\/dummy.png\" alt=\"\" class=\"tp-rs-img rs-lazyload\" width=\"707\" height=\"353\" data-lazyload=\"\/\/cbtm.ca\/wp-content\/uploads\/2022\/08\/Untitled-removebg-preview.png\" data-c=\"fullwidth\" data-no-retina> \n\t\t\t\t\t\t\t\t<\/rs-layer><!--\n\n\t\t\t\t\t\t\t\t--><rs-layer\n\t\t\t\t\t\t\t\t\tid=\"slider-7-slide-7-layer-13\" \n\t\t\t\t\t\t\t\t\tdata-type=\"shape\"\n\t\t\t\t\t\t\t\t\tdata-rsp_ch=\"on\"\n\t\t\t\t\t\t\t\t\tdata-xy=\"xo:-1px,-1px,-1px,0;\"\n\t\t\t\t\t\t\t\t\tdata-text=\"w:normal;s:20,20,20,7;l:0,0,0,9;\"\n\t\t\t\t\t\t\t\t\tdata-dim=\"w:300px,300px,300px,119px;h:100%;\"\n\t\t\t\t\t\t\t\t\tdata-basealign=\"slide\"\n\t\t\t\t\t\t\t\t\tdata-frame_999=\"o:0;st:w;\"\n\t\t\t\t\t\t\t\t\tstyle=\"z-index:17;background-color:#f5f2f9;\"\n\t\t\t\t\t\t\t\t> \n\t\t\t\t\t\t\t\t<\/rs-layer><!--\n\n\t\t\t\t\t\t\t\t--><rs-layer\n\t\t\t\t\t\t\t\t\tid=\"slider-7-slide-7-layer-14\" \n\t\t\t\t\t\t\t\t\tdata-type=\"shape\"\n\t\t\t\t\t\t\t\t\tdata-rsp_ch=\"on\"\n\t\t\t\t\t\t\t\t\tdata-xy=\"xo:42px,42px,42px,16px;yo:172px,172px,172px,67px;\"\n\t\t\t\t\t\t\t\t\tdata-text=\"w:normal;s:20,20,20,7;l:0,0,0,9;\"\n\t\t\t\t\t\t\t\t\tdata-dim=\"w:570px,570px,570px,227px;h:25px,25px,25px,9px;\"\n\t\t\t\t\t\t\t\t\tdata-frame_999=\"o:0;st:w;\"\n\t\t\t\t\t\t\t\t\tstyle=\"z-index:21;\"\n\t\t\t\t\t\t\t\t><rs-bg-elem style=\"background: url('\/\/cbtm.ca\/wp-content\/uploads\/2022\/12\/Blue-line.png') no-repeat center center; background-size: cover;\"><\/rs-bg-elem>\n \n\t\t\t\t\t\t\t\t<\/rs-layer><!--\n\t\t\t\t\t\t\t--><\/rs-group><!--\n\n\t\t\t\t\t\t\t--><rs-group\n\t\t\t\t\t\t\t\tid=\"slider-7-slide-7-layer-7\" \n\t\t\t\t\t\t\t\tdata-type=\"group\"\n\t\t\t\t\t\t\t\tdata-rsp_ch=\"on\"\n\t\t\t\t\t\t\t\tdata-text=\"w:normal;s:20,20,20,7;l:0,0,0,9;\"\n\t\t\t\t\t\t\t\tdata-dim=\"w:100%;h:100%;\"\n\t\t\t\t\t\t\t\tdata-vbility=\"f,f,t,t\"\n\t\t\t\t\t\t\t\tdata-basealign=\"slide\"\n\t\t\t\t\t\t\t\tdata-frame_0=\"o:1;\"\n\t\t\t\t\t\t\t\tdata-frame_999=\"o:0;st:w;sA:9000;\"\n\t\t\t\t\t\t\t\tstyle=\"z-index:13;\"\n\t\t\t\t\t\t\t><!--\n\t\t\t\t\t\t\t\t--><rs-layer\n\t\t\t\t\t\t\t\t\tid=\"slider-7-slide-7-layer-3\" \n\t\t\t\t\t\t\t\t\tdata-type=\"text\"\n\t\t\t\t\t\t\t\t\tdata-rsp_ch=\"on\"\n\t\t\t\t\t\t\t\t\tdata-xy=\"xo:29px,29px,29px,11px;yo:307px,307px,307px,122px;\"\n\t\t\t\t\t\t\t\t\tdata-text=\"w:normal;s:60,60,60,23;l:60,60,60,23;fw:500;\"\n\t\t\t\t\t\t\t\t\tdata-frame_999=\"o:0;st:w;\"\n\t\t\t\t\t\t\t\t\tstyle=\"z-index:11;font-family:'Roboto';\"\n\t\t\t\t\t\t\t\t>Comp\u00e9tences pour la Vie \n\t\t\t\t\t\t\t\t<\/rs-layer><!--\n\n\t\t\t\t\t\t\t\t--><rs-layer\n\t\t\t\t\t\t\t\t\tid=\"slider-7-slide-7-layer-8\" \n\t\t\t\t\t\t\t\t\tdata-type=\"image\"\n\t\t\t\t\t\t\t\t\tdata-rsp_ch=\"on\"\n\t\t\t\t\t\t\t\t\tdata-text=\"w:normal;s:20,20,20,7;l:0,0,0,9;\"\n\t\t\t\t\t\t\t\t\tdata-dim=\"w:['100%','100%','100%','100%'];h:['100%','100%','100%','100%'];\"\n\t\t\t\t\t\t\t\t\tdata-basealign=\"slide\"\n\t\t\t\t\t\t\t\t\tdata-frame_999=\"o:0;st:w;\"\n\t\t\t\t\t\t\t\t\tstyle=\"z-index:8;\"\n\t\t\t\t\t\t\t\t><img decoding=\"async\" src=\"\/\/cbtm.ca\/wp-content\/plugins\/revslider\/public\/assets\/assets\/dummy.png\" alt=\"\" class=\"tp-rs-img rs-lazyload\" data-lazyload=\"\" data-c=\"cover-proportional\" data-no-retina> \n\t\t\t\t\t\t\t\t<\/rs-layer><!--\n\n\t\t\t\t\t\t\t\t--><rs-layer\n\t\t\t\t\t\t\t\t\tid=\"slider-7-slide-7-layer-9\" \n\t\t\t\t\t\t\t\t\tdata-type=\"shape\"\n\t\t\t\t\t\t\t\t\tdata-rsp_ch=\"on\"\n\t\t\t\t\t\t\t\t\tdata-text=\"w:normal;s:20,20,20,7;l:0,0,0,9;\"\n\t\t\t\t\t\t\t\t\tdata-dim=\"w:100%;h:100%;\"\n\t\t\t\t\t\t\t\t\tdata-basealign=\"slide\"\n\t\t\t\t\t\t\t\t\tdata-frame_999=\"o:0;st:w;\"\n\t\t\t\t\t\t\t\t\tstyle=\"z-index:9;background-color:rgba(74,84,174,0.77);\"\n\t\t\t\t\t\t\t\t> \n\t\t\t\t\t\t\t\t<\/rs-layer><!--\n\n\t\t\t\t\t\t\t\t--><h1\n\t\t\t\t\t\t\t\t\tid=\"slider-7-slide-7-layer-11\" \n\t\t\t\t\t\t\t\t\tclass=\"rs-layer introductory-block-title\"\n\t\t\t\t\t\t\t\t\tdata-type=\"text\"\n\t\t\t\t\t\t\t\t\tdata-rsp_ch=\"on\"\n\t\t\t\t\t\t\t\t\tdata-xy=\"xo:27px,27px,27px,10px;yo:43px,43px,43px,16px;\"\n\t\t\t\t\t\t\t\t\tdata-text=\"w:normal;s:72,72,72,28;l:77,77,77,30;\"\n\t\t\t\t\t\t\t\t\tdata-dim=\"w:1106.99px,1106.99px,1106.99px,441px;\"\n\t\t\t\t\t\t\t\t\tdata-basealign=\"slide\"\n\t\t\t\t\t\t\t\t\tdata-frame_999=\"o:0;st:w;\"\n\t\t\t\t\t\t\t\t\tstyle=\"z-index:12;font-family:'Open Sans';\"\n\t\t\t\t\t\t\t\t>Th\u00e9rapie cognitivo-comportementale de la pleine conscience \n\t\t\t\t\t\t\t\t<\/h1><!--\n\n\t\t\t\t\t\t\t\t--><p\n\t\t\t\t\t\t\t\t\tid=\"slider-7-slide-7-layer-12\" \n\t\t\t\t\t\t\t\t\tclass=\"rs-layer introductory-block-content\"\n\t\t\t\t\t\t\t\t\tdata-type=\"text\"\n\t\t\t\t\t\t\t\t\tdata-rsp_ch=\"on\"\n\t\t\t\t\t\t\t\t\tdata-xy=\"xo:30px,30px,30px,11px;yo:394px,394px,394px,157px;\"\n\t\t\t\t\t\t\t\t\tdata-text=\"w:normal;s:50,50,50,19;l:55,55,55,20;\"\n\t\t\t\t\t\t\t\t\tdata-dim=\"w:1064px,1064px,1064px,425px;\"\n\t\t\t\t\t\t\t\t\tdata-basealign=\"slide\"\n\t\t\t\t\t\t\t\t\tdata-frame_999=\"o:0;st:w;\"\n\t\t\t\t\t\t\t\t\tstyle=\"z-index:10;font-family:'Open Sans';\"\n\t\t\t\t\t\t\t\t>Le programme d\u2019\u00e9ducation en TCCpc est con\u00e7u pour vous aider \u00e0 renforcer vos comp\u00e9tences et \u00e0 am\u00e9liorer votre bien-\u00eatre mental. \n\t\t\t\t\t\t\t\t<\/p><!--\n\t\t\t\t\t\t\t--><\/rs-group><!--\n-->\t\t\t\t\t\t<\/rs-slide>\n\t\t\t\t\t<\/rs-slides>\n\t\t\t\t<\/rs-module>\n\t\t\t\t<script>\n\t\t\t\t\tsetREVStartSize({c: 'rev_slider_7_1',rl:[1240,1240,1240,480],el:[400,400,400,300],gw:[1200,1200,1200,480],gh:[400,400,400,300],type:'hero',justify:'',layout:'fullwidth',mh:\"0\"});if (window.RS_MODULES!==undefined && window.RS_MODULES.modules!==undefined && window.RS_MODULES.modules[\"revslider71\"]!==undefined) {window.RS_MODULES.modules[\"revslider71\"].once = false;window.revapi7 = undefined;if (window.RS_MODULES.checkMinimal!==undefined) window.RS_MODULES.checkMinimal()}\n\t\t\t\t<\/script>\n\t\t\t<\/rs-module-wrap>\n\t\t\t<!-- END REVOLUTION SLIDER -->\n<\/div>\n<\/div><\/div>\n<\/div><\/div>\n\n\n\n<div style=\"height:30px\" aria-hidden=\"true\" class=\"wp-block-spacer white-spacer\"><\/div>\n\n\n\n<div class=\"wp-block-genesis-blocks-gb-columns gb-layout-columns-1 one-column gb-columns-center alignfull\" style=\"padding-top:5%;padding-right:5%;padding-bottom:5%;padding-left:5%\"><div class=\"gb-layout-column-wrap gb-block-layout-column-gap-2 gb-is-responsive-column\" style=\"max-width:1200px\">\n<div class=\"wp-block-genesis-blocks-gb-column gb-block-layout-column\"><div class=\"gb-block-layout-column-inner\"><section class=\"interest-block triple\">\n    <h2>\u00c7a m\u2019int\u00e9resse\u2026<\/h2>\n    <div style=\"margin:1vw;color: #4A54AE\">\n\n    <\/div>\n    \n    <div class=\"interest-block-flex-container\">\n        <div class=\"interest-block-1\" style=\"background-image: url(https:\/\/cbtm.ca\/wp-content\/uploads\/2023\/01\/shutterstock_1815109334_People_On_Screen-scaled.jpg)\">\n            <div>\n                <h2 class=\"interest-block-1-text\" style=\"color:#F5F2F9\">Suivre des cours<br \/>sur la TCCpc<\/h2>\n            <\/div>\n            <div>\n                <button class=\"interest-block-1-button\">\n                    <a href=\"https:\/\/cbtm.ca\/fr-ca\/programmes-de-tccpc\/pour-les-adultes\/\" style=\"color:!important\">Pour en savoir plus<\/a>\n                <\/button>\n            <\/div>\n        <\/div>\n        \n        <div class=\"interest-block-2\" style=\"background-image: url(https:\/\/cbtm.ca\/wp-content\/uploads\/2023\/01\/shutterstock_1888078369_Group_People_Standing-scaled.jpg)\">\n            <div>\n                <h2 class=\"interest-block-2-text\" style=\"color:black\">Orienter des<br \/>patients\/clients<\/h2>\n            <\/div>\n            <div>\n                <button class=\"interest-block-2-button\">\n                    <a href=\"https:\/\/cbtm.ca\/fr-ca\/programmes-de-tccpc\/orienter-des-patients-clients\/\" style=\"color:!important\">Pour en savoir plus<\/a>\n                <\/button>\n            <\/div>\n        <\/div>\n        \n        <div class=\"interest-block-3\" style=\"background-image: url(https:\/\/cbtm.ca\/wp-content\/uploads\/2023\/01\/2024255447_Women_Typing_On_Computer-scaled-e1677646411677.jpg)\">\n            <div>\n                <h2 class=\"interest-block-3-text\" style=\"color:#F5F2F9\">Devenir animateur<\/br>ou animatrice<\/h2>\n            <\/div>\n            <div>\n                <button class=\"interest-block-3-button\">\n                    <a href=\"https:\/\/cbtm.ca\/for-facilitators\/facilitator-workshop\/\" style=\"color:!important\">Pour en savoir plus<\/a>\n                <\/button>\n            <\/div>\n        <\/div>\n    <\/div>\n    \n<\/section>\n<\/div><\/div>\n<\/div><\/div>\n\n\n\n<div class=\"wp-block-genesis-blocks-gb-columns four-quadrant-block gb-layout-columns-2 gb-2-col-equal has-white-background-color gb-columns-center alignfull\" style=\"padding-top:5%;padding-right:15%;padding-bottom:2%;padding-left:15%\"><div class=\"gb-layout-column-wrap gb-block-layout-column-gap-2 gb-is-responsive-column\" style=\"max-width:1200px\">\n<div class=\"wp-block-genesis-blocks-gb-column gb-block-layout-column\"><div class=\"gb-block-layout-column-inner gb-has-custom-background-color\" style=\"padding-right:3%;padding-left:3%;background-color:#f5f2f9\"><section>\n    <div class=\"numerated-text-area\">\n        <h2 id=\"blurb\">Qu\u2019est-ce que je vais apprendre?<\/h2>\n        <p id=\"point\">\n            <img decoding=\"async\" src=\"https:\/\/cbtm.ca\/wp-content\/uploads\/2022\/03\/number_bullet_p1.png\" alt=\"1\" width=\"30px\">\n                <span class=\"point-text\">Survol du cours 1: Le mod\u00e8le de la TCCpc et la pens\u00e9e r\u00e9aliste<\/span>\n        <\/p>\n        <p id=\"point\">\n            <img decoding=\"async\" src=\"https:\/\/cbtm.ca\/wp-content\/uploads\/2022\/03\/number_bullet_p2.png\" alt=\"2\" width=\"30px\">\n            <span class=\"point-text\"> Survol du cours 2: Les fondements de la th\u00e9rapie comportementale et l\u2019\u00e9tablissement d\u2019objectifs<\/span>\n        <\/p>\n            \n        <p id=\"point\">\n            <img decoding=\"async\" src=\"https:\/\/cbtm.ca\/wp-content\/uploads\/2022\/03\/number_bullet_p3.png\" alt=\"3\" width=\"30px\">\n           <span class=\"point-text\">Survol du cours 3: Les saines habitudes de vie et de sommeil<\/span>\n        <\/p>\n        <p id=\"point\">\n            <img decoding=\"async\" src=\"https:\/\/cbtm.ca\/wp-content\/uploads\/2022\/11\/number_bullet_p4.png\" alt=\"4\" width=\"30px\">\n            <span class=\"point-text\"> Survol du cours 4: Col\u00e8re, affirmation de soi, autocompassion et r\u00e9solution de probl\u00e8mes<\/span>\n        <\/p>\n        <p id=\"point\">\n            <img decoding=\"async\" src=\"https:\/\/cbtm.ca\/wp-content\/uploads\/2022\/11\/number_bullet_p5.png\" alt=\"5\" width=\"30px\">\n            <span class=\"point-text\"> Survol du cours 5: Faire face aux exp\u00e9riences stressantes<\/span>\n        <\/p>\n    <\/div>        \n<\/section>\t\t<style>.numerated-text-area{\n  min-height:425px;\n  height:100%;\n  width:100%;\n  align-items: center;\n}\n\n#blurb{\n  display: flex;\n  font-family:'Bariol'; \n  font-weight:900;\n  font-size: clamp(16px, 1.85vw, 25px);\n  color: #191B59;\n  padding-bottom: 10px;\n\n}\n\n#point{\n  margin:1%;\n  display: flex;\n  align-items: center;\n  font-family:'Open Sans';\n  font-size: clamp(14px, 1.75vw, 18px);\n  color: #4A54AE;\n  padding-bottom: 10px;\n }\n \n.point-text {\n  padding-left: 15px;\n}<\/style>\n\t\t<\/div><\/div>\n\n\n\n<div class=\"wp-block-genesis-blocks-gb-column gb-block-layout-column\"><div class=\"gb-block-layout-column-inner has-white-background-color\" style=\"padding:1px\"><section style=\"min-height:400px;height:0px\">\n    <div>\n    <img decoding=\"async\" src=\"https:\/\/cbtm.ca\/wp-content\/uploads\/2023\/01\/shutterstock_1678313017_People_On_Screen-2.jpg\" class=\"image-for-overlay\" alt=\"Various illustrated people in a video call grid on a laptop screen.\">\n        <div class=\"image-purple-overlay\">\n        <\/div>\n    <\/div>\n<\/section>\t\t<style>.image-purple-overlay {\n  min-height:400px;\n  position:absolute;\n  top: 0; \n  left:0;\n  background-color: rgb(136, 100, 185, 0.70); \/* Black see-through *\/\n  width: 100%;\n  height:0px;\n  text-align:center;\n}\n.image-for-overlay{\n    display:block;\n    margin-top:-1px;\n    min-height:400px;\n    width:100%;\n    object-fit:cover;\n    vertical-align:center;\n}<\/style>\n\t\t<\/div><\/div>\n<\/div><\/div>\n\n\n\n<div class=\"wp-block-genesis-blocks-gb-columns four-quadrant-block-1 gb-layout-columns-2 gb-2-col-equal has-white-background-color gb-columns-center alignfull\" style=\"padding-top:2%;padding-right:15%;padding-bottom:5%;padding-left:15%\"><div class=\"gb-layout-column-wrap gb-block-layout-column-gap-2 gb-is-responsive-column\" style=\"max-width:1200px\">\n<div class=\"wp-block-genesis-blocks-gb-column gb-block-layout-column\"><div class=\"gb-block-layout-column-inner\" style=\"padding:1px\"><section style=\"min-height:400px;height:0px\">\n    <div>\n    <img decoding=\"async\" src=\"https:\/\/cbtm.ca\/wp-content\/uploads\/2023\/01\/shutterstock_1888078369_Group_People_Standing-scaled.jpg\" class=\"image-for-overlay\" alt=\"Illustrated cartoon people of various ethnicities standing in a line.\">\n        <div class=\"image-blue-overlay\">\n        <\/div>\n    <\/div>\n<\/section>\t\t<style>.image-blue-overlay {\n  min-height:400px;\n  position:absolute;\n  top: 0; \n  left:0;\n  background-color: rgb(74, 84, 174, 0.70); \/* Black see-through *\/\n  width: 100%;\n  height:0px;\n  text-align:center;\n}\n.image-for-overlay{\n    margin-top:-1px;\n    height:0px;\n    display:block;\n    min-height:400px;\n    width:100%;\n    object-fit:cover;\n    vertical-align:center;\n}<\/style>\n\t\t<\/div><\/div>\n\n\n\n<div class=\"wp-block-genesis-blocks-gb-column gb-block-layout-column\"><div class=\"gb-block-layout-column-inner gb-has-custom-background-color\" style=\"padding-right:3%;padding-left:3%;background-color:#f5f2f9\"><section>\r\n    <div class=\"numerated-text-area\">\r\n        <h2 id=\"blurb\">Pourquoi suivre des cours sur la TCCpc?<\/h2>\r\n        <p id=\"point\">\r\n            <img decoding=\"async\" src=\"https:\/\/cbtm.ca\/wp-content\/uploads\/2022\/03\/number_bullet_p1.png\" alt=\"1\" width=\"30px\">\r\n                <span class=\"point-text\">Apprendre les principes de base de la TCCpc<\/span>\r\n        <\/p>\r\n        <p id=\"point\">\r\n            <img decoding=\"async\" src=\"https:\/\/cbtm.ca\/wp-content\/uploads\/2022\/03\/number_bullet_p2.png\" alt=\"2\" width=\"30px\">\r\n            <span class=\"point-text\"> Avoir acc\u00e8s \u00e0 des ressources de qualit\u00e9 en sant\u00e9 mentale<\/span>\r\n        <\/p>\r\n            \r\n        <p id=\"point\">\r\n            <img decoding=\"async\" src=\"https:\/\/cbtm.ca\/wp-content\/uploads\/2022\/03\/number_bullet_p3.png\" alt=\"3\" width=\"30px\">\r\n           <span class=\"point-text\">Acqu\u00e9rir de nouvelles comp\u00e9tences pouvant aider \u00e0 am\u00e9liorer globalement le bien-\u00eatre mental<\/span>\r\n        <\/p>\r\n        <p id=\"point\">\r\n            <img decoding=\"async\" src=\"https:\/\/cbtm.ca\/wp-content\/uploads\/2022\/11\/number_bullet_p4.png\" alt=\"4\" width=\"30px\">\r\n            <span class=\"point-text\"> Renforcer la capacit\u00e9 d\u2019adaptation et la r\u00e9silience<\/span>\r\n        <\/p>\r\n    <\/div>        \r\n<\/section>\t\t<style>.numerated-text-area{\n  min-height:400px;\n  background:#F5F2F9; \n  align-items: center;\n  height:100%;\n  width:100%;\n}\n\n#blurb{\n  font-family:'Bariol' ;\n  font-size: clamp(16px, 1.85vw, 25px);\n  color: #191B59;\n  padding-top: 30px;\n  padding-bottom: 10px;\n}\n\n#point{\n  display: flex;\n  align-items: center;\n  font-family:'Open Sans';\n  font-size: clamp(14px, 1.75vw, 18px);\n  color: #4A54AE;\n  padding-bottom: 10px;\n }\n \n.point-text {\n  padding-left: 15px;\n  font-family: open-sans,sans-serif;\n  font-weight: 400;\n  font-style: normal;\n}<\/style>\n\t\t<\/div><\/div>\n<\/div><\/div>\n","protected":false},"excerpt":{"rendered":"","protected":false},"author":57,"featured_media":0,"parent":0,"menu_order":0,"comment_status":"closed","ping_status":"closed","template":"","meta":{"_monsterinsights_skip_tracking":false,"_monsterinsights_sitenote_active":false,"_monsterinsights_sitenote_note":"","_monsterinsights_sitenote_category":0,"_genesis_hide_title":false,"_genesis_hide_breadcrumbs":false,"_genesis_hide_singular_image":false,"_genesis_hide_footer_widgets":false,"_genesis_custom_body_class":"","_genesis_custom_post_class":"","_genesis_layout":"","_vp_format_video_url":"","_vp_image_focal_point":[],"footnotes":""},"class_list":{"0":"post-5540","1":"page","2":"type-page","3":"status-publish","5":"entry"},"aioseo_notices":[],"featured_image_src":null,"featured_image_src_square":null,"_links":{"self":[{"href":"https:\/\/cbtm.ca\/fr-ca\/wp-json\/wp\/v2\/pages\/5540","targetHints":{"allow":["GET"]}}],"collection":[{"href":"https:\/\/cbtm.ca\/fr-ca\/wp-json\/wp\/v2\/pages"}],"about":[{"href":"https:\/\/cbtm.ca\/fr-ca\/wp-json\/wp\/v2\/types\/page"}],"author":[{"embeddable":true,"href":"https:\/\/cbtm.ca\/fr-ca\/wp-json\/wp\/v2\/users\/57"}],"replies":[{"embeddable":true,"href":"https:\/\/cbtm.ca\/fr-ca\/wp-json\/wp\/v2\/comments?post=5540"}],"version-history":[{"count":1,"href":"https:\/\/cbtm.ca\/fr-ca\/wp-json\/wp\/v2\/pages\/5540\/revisions"}],"predecessor-version":[{"id":7334,"href":"https:\/\/cbtm.ca\/fr-ca\/wp-json\/wp\/v2\/pages\/5540\/revisions\/7334"}],"wp:attachment":[{"href":"https:\/\/cbtm.ca\/fr-ca\/wp-json\/wp\/v2\/media?parent=5540"}],"curies":[{"name":"wp","href":"https:\/\/api.w.org\/{rel}","templated":true}]}}