{"id":5634,"date":"2022-03-21T17:09:42","date_gmt":"2022-03-21T22:09:42","guid":{"rendered":"https:\/\/cbtm.ca\/a-propos\/publications\/"},"modified":"2024-06-26T13:27:08","modified_gmt":"2024-06-26T18:27:08","slug":"publication","status":"publish","type":"page","link":"https:\/\/cbtm.ca\/fr-ca\/a-propos\/publication\/","title":{"rendered":"Publication"},"content":{"rendered":"\n<div class=\"wp-block-genesis-blocks-gb-columns submenu-navigation about-submenu gb-layout-columns-1 one-column has-theme-secondary-color alignfull\" style=\"margin-top:20px;margin-bottom:20px;padding-right:15%;padding-left:15%\"><div class=\"gb-layout-column-wrap gb-block-layout-column-gap-0 gb-is-responsive-column\">\n<div class=\"wp-block-genesis-blocks-gb-column gb-block-layout-column\"><div class=\"gb-block-layout-column-inner\"><nav style=\"font-size:25px;font-style:normal;font-weight:700;text-transform:capitalize;\" class=\"items-justified-space-between alignfull wp-block-navigation is-content-justification-space-between is-layout-flex wp-container-core-navigation-is-layout-3d213aab wp-block-navigation-is-layout-flex\" aria-label=\"\u00c0 propos du menu\"><ul style=\"font-size:25px;font-style:normal;font-weight:700;text-transform:capitalize;\" class=\"wp-block-navigation__container items-justified-space-between alignfull wp-block-navigation\"><li style=\"font-size: 25px;\" class=\" wp-block-navigation-item wp-block-navigation-link\"><a class=\"wp-block-navigation-item__content\"  href=\"https:\/\/cbtm.ca\/fr-ca\/notre-equipe\/\"><span class=\"wp-block-navigation-item__label\">Notre \u00e9quipe<\/span><\/a><\/li><li style=\"font-size: 25px;\" class=\" wp-block-navigation-item wp-block-navigation-link\"><a class=\"wp-block-navigation-item__content\"  href=\"https:\/\/cbtm.ca\/fr-ca\/a-propos\/financement-et-partenariats\/\"><span class=\"wp-block-navigation-item__label\">Financement et partenariats<\/span><\/a><\/li><li style=\"font-size: 25px;\" class=\" wp-block-navigation-item wp-block-navigation-link\"><a class=\"wp-block-navigation-item__content\"  href=\"https:\/\/cbtm.ca\/fr-ca\/a-propos\/galerie-de-photos\/\"><span class=\"wp-block-navigation-item__label\">Galerie de photos<\/span><\/a><\/li><li style=\"font-size: 25px;\" class=\" wp-block-navigation-item wp-block-navigation-link\"><a class=\"wp-block-navigation-item__content\"  href=\"https:\/\/cbtm.ca\/fr-ca\/a-propos\/publication\/\"><span class=\"wp-block-navigation-item__label\">Publications<\/span><\/a><\/li><li style=\"font-size: 25px;\" class=\" wp-block-navigation-item wp-block-navigation-link\"><a class=\"wp-block-navigation-item__content\"  href=\"https:\/\/cbtm.ca\/fr-ca\/media\/\"><span class=\"wp-block-navigation-item__label\">M\u00e9dia<\/span><\/a><\/li><li style=\"font-size: 25px;\" class=\" wp-block-navigation-item wp-block-navigation-link\"><a class=\"wp-block-navigation-item__content\"  href=\"https:\/\/cbtm.ca\/fr-ca\/a-propos\/questions-frequentes\/\"><span class=\"wp-block-navigation-item__label\">Questions fr\u00e9quentes<\/span><\/a><\/li><\/ul><\/nav><\/div><\/div>\n<\/div><\/div>\n\n\n\n<div class=\"wp-block-genesis-blocks-gb-columns gb-layout-columns-2 gb-2-col-wideleft has-white-background-color alignfull\" style=\"padding-top:5%;padding-right:15%;padding-bottom:5%;padding-left:15%\"><div class=\"gb-layout-column-wrap gb-block-layout-column-gap-0 gb-is-responsive-column\">\n<div class=\"wp-block-genesis-blocks-gb-column gb-block-layout-column\"><div class=\"gb-block-layout-column-inner\">\n<h1 class=\"wp-block-heading alignfull\">Publications sur la TCCpc<\/h1>\n\n\n\n<p>Voici des articles \u00e9valu\u00e9s par des pairs et des pr\u00e9sentations pr\u00e9par\u00e9es par des membres de l\u2019\u00e9quipe de TCCpc et qui d\u00e9montrent l\u2019efficacit\u00e9 de la TCCpc. Des liens menant vers les textes int\u00e9graux sont fournis, s\u2019il y a lieu.<\/p>\n<\/div><\/div>\n\n\n\n<div class=\"wp-block-genesis-blocks-gb-column gb-block-layout-column\"><div class=\"gb-block-layout-column-inner\">\n<p><\/p>\n<\/div><\/div>\n<\/div><\/div>\n\n\n\n<div class=\"wp-block-genesis-blocks-gb-columns four-quadrant-block gb-layout-columns-1 one-column has-white-background-color alignfull\" style=\"padding-top:2.5%;padding-right:15%;padding-bottom:2.5%;padding-left:15%\"><div class=\"gb-layout-column-wrap gb-block-layout-column-gap-2 gb-is-responsive-column\">\n<div class=\"wp-block-genesis-blocks-gb-column sunk-card gb-block-layout-column\"><div class=\"gb-block-layout-column-inner gb-has-custom-background-color\" style=\"padding:3%;background-color:#f0f1f8\">\n<h2 class=\"wp-block-heading alignfull has-text-color has-link-color wp-elements-3f707641d95110b6753f576107877823\" style=\"color:#000000\">Publications sur la TCCpc<\/h2>\n\n\n\n<div class=\"wp-block-genesis-blocks-gb-columns gb-layout-columns-1 gb-1-col-equal\" style=\"padding-right:3%;padding-left:3%\"><div class=\"gb-layout-column-wrap gb-block-layout-column-gap-0 gb-is-responsive-column\">\n<div class=\"wp-block-genesis-blocks-gb-column gb-block-layout-column\"><div class=\"gb-block-layout-column-inner\">\n<section class=\"publication-block\" style=\"line-height:1.2;\">\n    <span id=\"PDF-img\">\n                    <a href=\"https:\/\/cbtm.ca\/wp-content\/uploads\/2022\/12\/s10942-021-00414-2.pdf\">\n                <img decoding=\"async\" class=\"publication-icon\" src=\"\/wp-content\/uploads\/2022\/05\/icon-PDF-1.png\" alt=\"PDF icon\">\n            <\/a>\n            <\/span>\n    <span id=\"publication-text\">\n        <span class=\"publication-title\" id=\"PDF-title\">\n                            <a href=\"https:\/\/cbtm.ca\/wp-content\/uploads\/2022\/12\/s10942-021-00414-2.pdf\" target=\"_blank\" aria-label=\"Open PDF document in a new tab\">\n                    <p><a href=\"https:\/\/cbtm.ca\/wp-content\/uploads\/2022\/12\/s10942-021-00414-2.pdf\">&Eacute;valuation des cours sur la th&eacute;rapie cognitivo-comportementale de la pleine conscience (TCCpc) et utilit&eacute; de la t&eacute;l&eacute;psychologie en milieu rural [en anglais]<\/a><\/p>                <\/a>\n                    <\/span>\n        <span class=\"publication-content\">\n            <p><p>Davidson, D., Kinley, J., Wong, J.Y. et al. \u00c9valuation des cours sur la th\u00e9rapie cognitivo-comportementale de la pleine conscience (TCCpc) et utilit\u00e9 de la t\u00e9l\u00e9psychologie en milieu rural [en anglais]. J Rat-Emo Cognitive-Behav Ther 40, 369\u2013387 (2022). https:\/\/doi.org\/10.1007\/s10942-021-00414-2<\/p>\n<\/p>\n        <\/span>\n    <\/span>\n<\/section>\n\n\t\t<style>.publication-block {\r\n  display: flex;\r\n  flex-direction: row;\r\n  justify-content: left;\r\n  width:80%;\r\n  min-width:20%;\r\n\tfont-family:'Open Sans';\r\n\tfont-weight:500;\r\n\tcolor:#191B59;\r\n  align-items: center;\r\n}\r\n\r\n.publication-icon {\r\n  display: flex;\r\n  align-items: center;\r\n  min-height: 80px;\r\n  min-width: 60px;\r\n  max-height: 80px;\r\n  max-width: 60px;\r\n}\r\n.publication-title {\r\n  text-transform: uppercase;\r\n\tfont-family:'Bariol';\r\n\tfont-weight:600;\r\n\tcolor:#4a54ae!important;\r\n\tfont-size:18px;\r\n}\r\n.publication-title>h2{\r\n    margin-bottom:0px;\r\n}\r\n.publication-content{\r\n  text-transform:none;\r\n\tfont-family:'Bariol';\r\n\tfont-weight:500;\r\n\tcolor:#191B59;\r\n  margin-block-end:0px;\r\n\tline-height:1.2;\r\n    \r\n}\r\n#PDF-img{\r\ndisplay:block;\r\nmargin-right:10px;\r\n}\r\n#Presentation-img{\r\ndisplay:block;\r\nmargin-right:10px;\r\n}\r\n#Slides-img{\r\ndisplay:block;\r\nmargin-right:10px;\r\n}\r\n\r\n@media screen and (max-width:600px){\r\n  .publication-block {\r\n      width:100%;\r\n      margin: 10px 0px 10px 0px;\r\n  }\r\n}\r\n}<\/style>\n\t\t<\/div><\/div>\n<\/div><\/div>\n\n\n\n<div class=\"wp-block-genesis-blocks-gb-columns gb-layout-columns-1 gb-1-col-equal\" style=\"padding-right:3%;padding-left:3%\"><div class=\"gb-layout-column-wrap gb-block-layout-column-gap-0 gb-is-responsive-column\">\n<div class=\"wp-block-genesis-blocks-gb-column gb-block-layout-column\"><div class=\"gb-block-layout-column-inner\">\n<section class=\"publication-block\" style=\"line-height:1.2;\">\n    <span id=\"PDF-img\">\n                    <a href=\"https:\/\/cbtm.ca\/wp-content\/uploads\/2022\/11\/An-evaluation-of-large-group-cognitive-behaviour-therapy-with-mindfulness-CBTm-classes.pdf\">\n                <img decoding=\"async\" class=\"publication-icon\" src=\"\/wp-content\/uploads\/2022\/05\/icon-PDF-1.png\" alt=\"PDF icon\">\n            <\/a>\n            <\/span>\n    <span id=\"publication-text\">\n        <span class=\"publication-title\" id=\"PDF-title\">\n                            <a href=\"https:\/\/cbtm.ca\/wp-content\/uploads\/2022\/11\/An-evaluation-of-large-group-cognitive-behaviour-therapy-with-mindfulness-CBTm-classes.pdf\" target=\"_blank\" aria-label=\"Open PDF document in a new tab\">\n                    <p><a href=\"https:\/\/cbtm.ca\/wp-content\/uploads\/2022\/11\/An-evaluation-of-large-group-cognitive-behaviour-therapy-with-mindfulness-CBTm-classes.pdf\">&Eacute;VALUATION DES COURS DE GROUPE DE GRANDE TAILLE SUR LA TH&Eacute;RAPIE COGNITIVO-COMPORTEMENTALE DE LA PLEINE CONSCIENCE (TCCPC) [en anglais]<\/a><\/p>                <\/a>\n                    <\/span>\n        <span class=\"publication-content\">\n            <p><p>Thakur, V. K., Wong, J. Y., Randall, J. R., Bolton, J. M., Parikh, S. V., Mota, N., Whitney, D., Palay, J., Kinley, J., Diocee, S., Sala, T., &#038; Sareen, J. (2019). BMC Psychiatry,\u202f19(1), 132\u2013132. https:\/\/doi.org\/10.1186\/s12888-019-2124-5<\/p>\n<\/p>\n        <\/span>\n    <\/span>\n<\/section>\n\n<\/div><\/div>\n<\/div><\/div>\n<\/div><\/div>\n<\/div><\/div>\n\n\n\n<div class=\"wp-block-genesis-blocks-gb-columns gb-layout-columns-1 one-column has-white-background-color alignfull\" style=\"padding-top:2.5%;padding-right:15%;padding-bottom:5%;padding-left:15%\"><div class=\"gb-layout-column-wrap gb-block-layout-column-gap-2 gb-is-responsive-column\">\n<div class=\"wp-block-genesis-blocks-gb-column sunk-card gb-block-layout-column\"><div class=\"gb-block-layout-column-inner gb-has-custom-background-color\" style=\"padding:3%;background-color:#f0f1f8\">\n<h2 class=\"wp-block-heading alignfull has-text-color has-link-color wp-elements-1166221cc6f7cf236fcac366fc4e2759\" style=\"color:#000000\">Pr\u00e9sentations sur la TCCpc<\/h2>\n\n\n\n<div class=\"wp-block-genesis-blocks-gb-columns gb-layout-columns-1 gb-1-col-equal\"><div class=\"gb-layout-column-wrap gb-block-layout-column-gap-2 gb-is-responsive-column\">\n<div class=\"wp-block-genesis-blocks-gb-column gb-block-layout-column\"><div class=\"gb-block-layout-column-inner\">\n<section class=\"publication-block\" style=\"line-height:1.2;\">\n    <span id=\"Presentation-img\">\n                    <img decoding=\"async\" class=\"publication-icon\" src=\"\/wp-content\/uploads\/2022\/05\/icon-Presentation-1.png\" alt=\"Presentation icon\">\n            <\/span>\n    <span id=\"publication-text\">\n        <span class=\"publication-title\" id=\"Presentation-title\">\n            <p><em>&Eacute;VALUATION D&rsquo;UN PROGRAMME OFFERT EN CLASSE SUR LA TH&Eacute;RAPIE COGNITIVO-COMPORTEMENTALE DE LA PLEINE CONSCIENCE (TCCPC) &Agrave; L&rsquo;INTENTION DU PERSONNEL DE LA SANT&Eacute; PUBLIQUE : ESSAI CLINIQUE PILOTE RANDOMIS&Eacute; [en anglais]<\/em><\/p>        <\/span>\n        <span class=\"publication-content\">\n            <p><p>Bolton, S.-L., Wong, J., Mota, N. P., Maxsom, C., Sareen, J., &#038; Kinley, J. (2021, Oct. 19\u201321). [Pr\u00e9sentation orale]. Forum de l\u2019Institut canadien de recherche sur la sant\u00e9 des militaires et des v\u00e9t\u00e9rans (ICRSMV). [en anglais]<\/p>\n<\/p>\n        <\/span>\n    <\/span>\n<\/section>\n\n\n\n\n<section class=\"publication-block\" style=\"line-height:1.2;\">\n    <span id=\"Presentation-img\">\n                    <img decoding=\"async\" class=\"publication-icon\" src=\"\/wp-content\/uploads\/2022\/05\/icon-Presentation-1.png\" alt=\"Presentation icon\">\n            <\/span>\n    <span id=\"publication-text\">\n        <span class=\"publication-title\" id=\"Presentation-title\">\n            <p><em>EXAMEN R&Eacute;TROSPECTIF DES DOSSIERS POUR LES COURS SUR LA TH&Eacute;RAPIE COGNITIVO-COMPORTEMENTALE DE LA PLEINE CONSCIENCE (TCCPC) CHEZ LES MILITAIRES ET LES POLICIERS &Agrave; LA CLINIQUE POUR TRAUMATISMES LI&Eacute;S AU STRESS OP&Eacute;RATIONNEL [en anglais]<\/em><\/p>        <\/span>\n        <span class=\"publication-content\">\n            <p>\n<p>Mota, N. P., Maxsom, C., Bhaskaran, J., Whitney, D., Bolton, S.-L., &#038; Sareen, J. (2021, Oct. 19\u201321). [Pr\u00e9sentation par affiches]. Forum de l\u2019Institut canadien de recherche sur la sant\u00e9 des militaires et des v\u00e9t\u00e9rans (ICRSMV).<\/p>\n<\/p>\n        <\/span>\n    <\/span>\n<\/section>\n\n\n\n\n<section class=\"publication-block\" style=\"line-height:1.2;\">\n    <span id=\"Presentation-img\">\n                    <img decoding=\"async\" class=\"publication-icon\" src=\"\/wp-content\/uploads\/2022\/05\/icon-Presentation-1.png\" alt=\"Presentation icon\">\n            <\/span>\n    <span id=\"publication-text\">\n        <span class=\"publication-title\" id=\"Presentation-title\">\n            <p><em>COURS SUR LA TH&Eacute;RAPIE COGNITIVO-COMPORTEMENTALE DE LA PLEINE CONSCIENCE (TCCPC) : CONTEXTE, MISE EN &OElig;UVRE ET SCIENCE [en anglais]<\/em><\/p>        <\/span>\n        <span class=\"publication-content\">\n            <p><p>Bolton, S.-L., &#038; Sareen, J. (2021, Sept. 14). [Pr\u00e9sentation orale virtuelle]. Conf\u00e9rence scientifique, facult\u00e9 de m\u00e9decine, Universit\u00e9 de la Colombie-Britannique. [en anglais]<\/p>\n<\/p>\n        <\/span>\n    <\/span>\n<\/section>\n\n\n\n\n<section class=\"publication-block\" style=\"line-height:1.2;\">\n    <span id=\"Presentation-img\">\n                    <img decoding=\"async\" class=\"publication-icon\" src=\"\/wp-content\/uploads\/2022\/05\/icon-Presentation-1.png\" alt=\"Presentation icon\">\n            <\/span>\n    <span id=\"publication-text\">\n        <span class=\"publication-title\" id=\"Presentation-title\">\n            <p><em>R&Eacute;SULTATS DE RECHERCHE SUR LES COURS SUR LA TH&Eacute;RAPIE COGNITIVO-COMPORTEMENTALE DE LA PLEINE CONSCIENCE (TCCPC) [en anglais]<\/em><\/p>        <\/span>\n        <span class=\"publication-content\">\n            <p><p>Bolton, S.-L., &#038; Sareen, J. (2021, May 19). [Conf\u00e9rence]. Caucus multipartite du Parlement sur la sant\u00e9 mentale, Ottawa (Ontario). [en anglais]<\/p>\n<\/p>\n        <\/span>\n    <\/span>\n<\/section>\n\n\n\n\n<section class=\"publication-block\" style=\"line-height:1.2;\">\n    <span id=\"Presentation-img\">\n                    <img decoding=\"async\" class=\"publication-icon\" src=\"\/wp-content\/uploads\/2022\/05\/icon-Presentation-1.png\" alt=\"Presentation icon\">\n            <\/span>\n    <span id=\"publication-text\">\n        <span class=\"publication-title\" id=\"Presentation-title\">\n            <p><em>EXAMEN R&Eacute;TROSPECTIF DES DOSSIERS POUR LES COURS SUR LA TH&Eacute;RAPIE COGNITIVO-COMPORTEMENTALE DE LA PLEINE CONSCIENCE (TCCPC) CHEZ LES MILITAIRES ET LES POLICIERS &Agrave; LA CLINIQUE POUR TRAUMATISMES LI&Eacute;S AU STRESS OP&Eacute;RATIONNEL [en anglais]<\/em><\/p>        <\/span>\n        <span class=\"publication-content\">\n            <p><p>Mota, N., Maxsom, C., Bhaskaran, J., Whitney, D., Bolton, S.-L., &#038; Sareen, J. (2021, Feb. 18). [Pr\u00e9sentation orale virtuelle]. Winnipeg, Manitoba.  <\/p>\n<\/p>\n        <\/span>\n    <\/span>\n<\/section>\n\n\n\n\n<section class=\"publication-block\" style=\"line-height:1.2;\">\n    <span id=\"Presentation-img\">\n                    <img decoding=\"async\" class=\"publication-icon\" src=\"\/wp-content\/uploads\/2022\/05\/icon-Presentation-1.png\" alt=\"Presentation icon\">\n            <\/span>\n    <span id=\"publication-text\">\n        <span class=\"publication-title\" id=\"Presentation-title\">\n            <p><em>&Eacute;TUDE SUR LA R&Eacute;SILIENCE AU TRAVAIL (CREW) : CONCLUSIONS PR&Eacute;LIMINAIRES [en anglais]<\/em><\/p>        <\/span>\n        <span class=\"publication-content\">\n            <p><p>Bolton, S.-L. (2021, Feb. 18). [R\u00e9union sur la recherche clinique \u2013 Clinique pour traumatismes li\u00e9s au stress op\u00e9rationnel]. Winnipeg, Manitoba.  <\/p>\n<\/p>\n        <\/span>\n    <\/span>\n<\/section>\n\n\n\n\n<section class=\"publication-block\" style=\"line-height:1.2;\">\n    <span id=\"Presentation-img\">\n                    <img decoding=\"async\" class=\"publication-icon\" src=\"\/wp-content\/uploads\/2022\/05\/icon-Presentation-1.png\" alt=\"Presentation icon\">\n            <\/span>\n    <span id=\"publication-text\">\n        <span class=\"publication-title\" id=\"Presentation-title\">\n            <p><em>&Eacute;TUDE SUR LA R&Eacute;SILIENCE AU TRAVAIL (CREW) : REGARD VERS L&rsquo;AVENIR [en anglais]<\/em><\/p>        <\/span>\n        <span class=\"publication-content\">\n            <p><p>Bolton, S.-L. (2021, Jan. 19). [S\u00e9minaire d\u2019\u00e9ducation et de soutien par les pairs \u2013 Service d\u2019incendie et de soins param\u00e9dicaux de Winnipeg]. Winnipeg, Manitoba.  <\/p>\n<\/p>\n        <\/span>\n    <\/span>\n<\/section>\n\n\n\n\n<section class=\"publication-block\" style=\"line-height:1.2;\">\n    <span id=\"Presentation-img\">\n                    <img decoding=\"async\" class=\"publication-icon\" src=\"\/wp-content\/uploads\/2022\/05\/icon-Presentation-1.png\" alt=\"Presentation icon\">\n            <\/span>\n    <span id=\"publication-text\">\n        <span class=\"publication-title\" id=\"Presentation-title\">\n            <p><a href=\"_wp_link_placeholder\" data-wplink-edit=\"true\">MISE EN &OElig;UVRE, DIFFUSION ET &Eacute;VALUATION DES COURS SUR LA TH&Eacute;RAPIE COGNITIVO-COMPORTEMENTALE DE LA PLEINE CONSCIENCE (TCCPC) POUR LES TROUBLES DE L&rsquo;HUMEUR ET D&rsquo;ANXI&Eacute;T&Eacute; [en anglais]<\/a><\/p>        <\/span>\n        <span class=\"publication-content\">\n            <p><p>Sareen, J., Sala, T., &#038; Brousseau Snider, T. (2018, March 6). [Pr\u00e9sentation PowerPoint]. Universit\u00e9 du Manitoba, facult\u00e9 Rady des sciences de la sant\u00e9, d\u00e9partement de psychiatrie.<\/p>\n<\/p>\n        <\/span>\n    <\/span>\n<\/section>\n\n<\/div><\/div>\n<\/div><\/div>\n<\/div><\/div>\n<\/div><\/div>\n","protected":false},"excerpt":{"rendered":"","protected":false},"author":57,"featured_media":0,"parent":5555,"menu_order":4,"comment_status":"closed","ping_status":"closed","template":"","meta":{"_lmt_disableupdate":"","_lmt_disable":"","_monsterinsights_skip_tracking":false,"_monsterinsights_sitenote_active":false,"_monsterinsights_sitenote_note":"","_monsterinsights_sitenote_category":0,"_genesis_hide_title":false,"_genesis_hide_breadcrumbs":false,"_genesis_hide_singular_image":false,"_genesis_hide_footer_widgets":false,"_genesis_custom_body_class":"","_genesis_custom_post_class":"","_genesis_layout":"","_vp_format_video_url":"","_vp_image_focal_point":[],"footnotes":""},"class_list":{"0":"post-5634","1":"page","2":"type-page","3":"status-publish","5":"entry"},"aioseo_notices":[],"featured_image_src":null,"featured_image_src_square":null,"_links":{"self":[{"href":"https:\/\/cbtm.ca\/fr-ca\/wp-json\/wp\/v2\/pages\/5634","targetHints":{"allow":["GET"]}}],"collection":[{"href":"https:\/\/cbtm.ca\/fr-ca\/wp-json\/wp\/v2\/pages"}],"about":[{"href":"https:\/\/cbtm.ca\/fr-ca\/wp-json\/wp\/v2\/types\/page"}],"author":[{"embeddable":true,"href":"https:\/\/cbtm.ca\/fr-ca\/wp-json\/wp\/v2\/users\/57"}],"replies":[{"embeddable":true,"href":"https:\/\/cbtm.ca\/fr-ca\/wp-json\/wp\/v2\/comments?post=5634"}],"version-history":[{"count":1,"href":"https:\/\/cbtm.ca\/fr-ca\/wp-json\/wp\/v2\/pages\/5634\/revisions"}],"predecessor-version":[{"id":6649,"href":"https:\/\/cbtm.ca\/fr-ca\/wp-json\/wp\/v2\/pages\/5634\/revisions\/6649"}],"up":[{"embeddable":true,"href":"https:\/\/cbtm.ca\/fr-ca\/wp-json\/wp\/v2\/pages\/5555"}],"wp:attachment":[{"href":"https:\/\/cbtm.ca\/fr-ca\/wp-json\/wp\/v2\/media?parent=5634"}],"curies":[{"name":"wp","href":"https:\/\/api.w.org\/{rel}","templated":true}]}}