{"id":5644,"date":"2023-01-19T17:32:02","date_gmt":"2023-01-19T23:32:02","guid":{"rendered":"https:\/\/cbtm.ca\/dans-les-medias\/"},"modified":"2024-07-09T13:06:01","modified_gmt":"2024-07-09T18:06:01","slug":"media","status":"publish","type":"page","link":"https:\/\/cbtm.ca\/fr-ca\/pour-la-clientele\/media\/","title":{"rendered":"M\u00e9dia"},"content":{"rendered":"\n<div class=\"wp-block-genesis-blocks-gb-columns submenu-navigation about-submenu gb-layout-columns-1 one-column has-theme-secondary-color alignfull\" style=\"margin-top:20px;margin-bottom:20px;padding-right:15%;padding-left:15%\"><div class=\"gb-layout-column-wrap gb-block-layout-column-gap-0 gb-is-responsive-column\">\n<div class=\"wp-block-genesis-blocks-gb-column gb-block-layout-column\"><div class=\"gb-block-layout-column-inner\"><nav style=\"font-size:25px;font-style:normal;font-weight:700;text-transform:capitalize;\" class=\"items-justified-space-between alignfull wp-block-navigation is-content-justification-space-between is-layout-flex wp-container-core-navigation-is-layout-3d213aab wp-block-navigation-is-layout-flex\" aria-label=\"\u00c0 propos du menu\"><ul style=\"font-size:25px;font-style:normal;font-weight:700;text-transform:capitalize;\" class=\"wp-block-navigation__container items-justified-space-between alignfull wp-block-navigation\"><li style=\"font-size: 25px;\" class=\" wp-block-navigation-item wp-block-navigation-link\"><a class=\"wp-block-navigation-item__content\"  href=\"https:\/\/cbtm.ca\/fr-ca\/notre-equipe\/\"><span class=\"wp-block-navigation-item__label\">Notre \u00e9quipe<\/span><\/a><\/li><li style=\"font-size: 25px;\" class=\" wp-block-navigation-item wp-block-navigation-link\"><a class=\"wp-block-navigation-item__content\"  href=\"https:\/\/cbtm.ca\/fr-ca\/a-propos\/financement-et-partenariats\/\"><span class=\"wp-block-navigation-item__label\">Financement et partenariats<\/span><\/a><\/li><li style=\"font-size: 25px;\" class=\" wp-block-navigation-item wp-block-navigation-link\"><a class=\"wp-block-navigation-item__content\"  href=\"https:\/\/cbtm.ca\/fr-ca\/ou-obtenir-nos-services\/\"><span class=\"wp-block-navigation-item__label\">O\u00f9 obtenir nos services<\/span><\/a><\/li><li style=\"font-size: 25px;\" class=\" wp-block-navigation-item wp-block-navigation-link\"><a class=\"wp-block-navigation-item__content\"  href=\"https:\/\/cbtm.ca\/fr-ca\/a-propos\/galerie-de-photos\/\"><span class=\"wp-block-navigation-item__label\">Galerie de photos<\/span><\/a><\/li><li style=\"font-size: 25px;\" class=\" wp-block-navigation-item wp-block-navigation-link\"><a class=\"wp-block-navigation-item__content\"  href=\"https:\/\/cbtm.ca\/fr-ca\/a-propos\/publication\/\"><span class=\"wp-block-navigation-item__label\">Publications<\/span><\/a><\/li><li style=\"font-size: 25px;\" class=\" wp-block-navigation-item wp-block-navigation-link\"><a class=\"wp-block-navigation-item__content\"  href=\"https:\/\/cbtm.ca\/fr-ca\/media\/\"><span class=\"wp-block-navigation-item__label\">M\u00e9dia<\/span><\/a><\/li><li style=\"font-size: 25px;\" class=\" wp-block-navigation-item wp-block-navigation-link\"><a class=\"wp-block-navigation-item__content\"  href=\"https:\/\/cbtm.ca\/fr-ca\/a-propos\/questions-frequentes\/\"><span class=\"wp-block-navigation-item__label\">Questions fr\u00e9quentes<\/span><\/a><\/li><\/ul><\/nav><\/div><\/div>\n<\/div><\/div>\n\n\n\n<div class=\"wp-block-genesis-blocks-gb-columns gb-layout-columns-1 one-column has-white-background-color alignfull\" style=\"padding-top:5%;padding-right:15%;padding-bottom:5%;padding-left:15%\"><div class=\"gb-layout-column-wrap gb-block-layout-column-gap-2 gb-is-responsive-column\">\n<div class=\"wp-block-genesis-blocks-gb-column sunk-card gb-block-layout-column\"><div class=\"gb-block-layout-column-inner\" style=\"padding-top:3%;padding-right:3%;padding-left:3%\">\n<h1 class=\"wp-block-heading has-theme-secondary-color has-text-color\">Dans les m\u00e9dias<\/h1>\n\n\n\n<p>Voici des liens vers des mentions et des publications dans les m\u00e9dias au sujet des programmes et des \u00e9tudes sur la TCCpc.<\/p>\n\n\n\n<div style=\"height:0px\" aria-hidden=\"true\" class=\"wp-block-spacer\"><\/div>\n\n\n\n<div style=\"color:#ddd\" class=\"wp-block-genesis-blocks-gb-spacer gb-block-spacer gb-divider-solid gb-divider-size-1\"><hr style=\"height:30px\"\/><\/div>\n\n\n\n<div class=\"wp-block-columns is-layout-flex wp-container-core-columns-is-layout-9d6595d7 wp-block-columns-is-layout-flex\">\n<div class=\"wp-block-column is-layout-flow wp-block-column-is-layout-flow\"><div class=\"media-post\">\n    <a href=\"https:\/\/news.umanitoba.ca\/um-study-seeks-participants-for-cognitive-behaviour-therapy-studies\/\" target=\"_blank\" aria-label=\"Opens the l\u2019Universit\u00e9 du Manitoba website in a new tab\">\n        <div class=\"media-image\">\n            <img decoding=\"async\" src=\"https:\/\/cbtm.ca\/wp-content\/uploads\/2023\/02\/UM-Today-CBTm-story.jpeg\" alt=\"Une femme d\u2019affaires durant un appel vid\u00e9o sur son ordinateur portable. \">\n        <\/div>\n        <div class=\"media-description\">\n            <p>Recherche de personnes pour participer \u00e0 des \u00e9tudes men\u00e9es \u00e0 l\u2019Universit\u00e9 du Manitoba sur la th\u00e9rapie cognitivo-comportementale de la pleine conscience (TCCpc) [en anglais]<\/p>\n        <\/div>\n    <\/a>\n<\/div><\/div>\n\n\n\n<div class=\"wp-block-column is-layout-flow wp-block-column-is-layout-flow\"><div class=\"media-post\">\n    <a href=\"https:\/\/news.gov.mb.ca\/news\/index.fr.html?item=55038&amp;posted=2022-06-08\" target=\"_blank\" aria-label=\"Opens the Communiqu\u00e9s du gouvernement du Manitoba. website in a new tab\">\n        <div class=\"media-image\">\n            <img decoding=\"async\" src=\"https:\/\/cbtm.ca\/wp-content\/uploads\/2023\/02\/mb-gov.png\" alt=\"Logo de gouvernement du Manitoba.\">\n        <\/div>\n        <div class=\"media-description\">\n            <p>La Province renouvelle son appui au programme de th\u00e9rapie cognitivo-comportementale bas\u00e9e sur la pleine conscience<\/p>\n        <\/div>\n    <\/a>\n<\/div><\/div>\n\n\n\n<div class=\"wp-block-column is-layout-flow wp-block-column-is-layout-flow\"><div class=\"media-post\">\n    <a href=\"https:\/\/news.umanitoba.ca\/innovative-um-research-focuses-on-brain-stimulation-to-improve-benefits-of-cognitive-behavioural-therapy\/\" target=\"_blank\" aria-label=\"Opens the l\u2019Universit\u00e9 du Manitoba website in a new tab\">\n        <div class=\"media-image\">\n            <img decoding=\"async\" src=\"https:\/\/cbtm.ca\/wp-content\/uploads\/2023\/02\/UM-Today-Winnipeg-Foundation-funding-2a.jpeg\" alt=\"Personne assise sur une chaise avec des fils et un dispositif fix\u00e9s sur la t\u00eate et reli\u00e9s \u00e0 un appareil pour scanner le cerveau.\">\n        <\/div>\n        <div class=\"media-description\">\n            <p>Recherche novatrice men\u00e9e \u00e0 l\u2019Universit\u00e9 du Manitoba ax\u00e9e sur la stimulation c\u00e9r\u00e9brale pour augmenter les bienfaits de la th\u00e9rapie cognitivo-comportementale [en anglais]<\/p>\n        <\/div>\n    <\/a>\n<\/div><\/div>\n<\/div>\n\n\n\n<div class=\"wp-block-columns is-layout-flex wp-container-core-columns-is-layout-9d6595d7 wp-block-columns-is-layout-flex\">\n<div class=\"wp-block-column is-layout-flow wp-block-column-is-layout-flow\"><div class=\"media-post\">\n    <a href=\"https:\/\/winnipeg.ctvnews.ca\/u-of-m-study-looking-to-boost-mental-health-therapy-with-the-help-of-electricity-1.6002348\" target=\"_blank\" aria-label=\"Opens the CTV News Winnipeg website in a new tab\">\n        <div class=\"media-image\">\n            <img decoding=\"async\" src=\"https:\/\/cbtm.ca\/wp-content\/uploads\/2023\/02\/cbtm-1-6002357-1658841434479.jpeg\" alt=\"Capture d\u2019\u00e9cran d\u2019un article sur la TCCpc provenant du site Web de CTV News.\">\n        <\/div>\n        <div class=\"media-description\">\n            <p>Une \u00e9tude men\u00e9e \u00e0 l\u2019Universit\u00e9 du Manitoba pour renforcer la th\u00e9rapie en sant\u00e9 mentale \u00e0 l\u2019aide de l\u2019\u00e9lectricit\u00e9 [en anglais]<\/p>\n        <\/div>\n    <\/a>\n<\/div><\/div>\n\n\n\n<div class=\"wp-block-column is-layout-flow wp-block-column-is-layout-flow\"><div class=\"media-post\">\n    <a href=\"https:\/\/www.cbc.ca\/news\/canada\/manitoba\/manitoba-mindfulness-based-cognitive-behavioural-therapy-1.6482079\" target=\"_blank\" aria-label=\"Opens the Soci\u00e9t\u00e9 Radio-Canada website in a new tab\">\n        <div class=\"media-image\">\n            <img decoding=\"async\" src=\"https:\/\/cbtm.ca\/wp-content\/uploads\/2023\/02\/psychotherpay.jpeg\" alt=\"Personne assise sur un sofa et se penchant vers l\u2019avant pour parler \u00e0 une autre personne sur une chaise. \">\n        <\/div>\n        <div class=\"media-description\">\n            <p>Un groupe communautaire encourag\u00e9 par le financement vers\u00e9 par le gouvernement du Manitoba pour renforcer la th\u00e9rapie bas\u00e9e sur la pleine conscience [en anglais]<\/p>\n        <\/div>\n    <\/a>\n<\/div><\/div>\n\n\n\n<div class=\"wp-block-column is-layout-flow wp-block-column-is-layout-flow\"><div class=\"media-post\">\n    <a href=\"https:\/\/educationnewscanada.com\/article\/education\/level\/university\/1\/971155\/innovative-um-research-focuses-on-brain-stimulation-to-improve-benefits-of-cognitive-behavioural-therapy.html\" target=\"_blank\" aria-label=\"Opens the Education News Canada website in a new tab\">\n        <div class=\"media-image\">\n            <img decoding=\"async\" src=\"https:\/\/cbtm.ca\/wp-content\/uploads\/2023\/02\/banniere_24183.png\" alt=\"Logo de l\u2019Universit\u00e9 du Manitoba\">\n        <\/div>\n        <div class=\"media-description\">\n            <p>Recherche novatrice men\u00e9e \u00e0 l\u2019Universit\u00e9 du Manitoba ax\u00e9e sur la stimulation c\u00e9r\u00e9brale pour augmenter les bienfaits de la th\u00e9rapie cognitivo-comportementale [en anglais]<\/p>\n        <\/div>\n    <\/a>\n<\/div><\/div>\n<\/div>\n\n\n\n<div class=\"wp-block-columns is-layout-flex wp-container-core-columns-is-layout-9d6595d7 wp-block-columns-is-layout-flex\">\n<div class=\"wp-block-column is-layout-flow wp-block-column-is-layout-flow\"><div class=\"media-post\">\n    <a href=\"https:\/\/www.winnipegfreepress.com\/breakingnews\/2022\/06\/08\/funding-boost-for-cognitive-behavioural-therapy-programs\" target=\"_blank\" aria-label=\"Opens the Winnipeg Free Press website in a new tab\">\n        <div class=\"media-image\">\n            <img decoding=\"async\" src=\"https:\/\/cbtm.ca\/wp-content\/uploads\/2023\/02\/NEP480501_web_220404-Residential-schools-.jpeg\" alt=\"Femme et image floue de personnes \u00e0 l\u2019arri\u00e8re-plan. \">\n        <\/div>\n        <div class=\"media-description\">\n            <p>Des fonds pour am\u00e9liorer les programmes de th\u00e9rapie cognitivo-comportementale [en anglais]<\/p>\n        <\/div>\n    <\/a>\n<\/div><\/div>\n\n\n\n<div class=\"wp-block-column is-layout-flow wp-block-column-is-layout-flow\"><\/div>\n\n\n\n<div class=\"wp-block-column is-layout-flow wp-block-column-is-layout-flow\"><\/div>\n<\/div>\n<\/div><\/div>\n<\/div><\/div>\n","protected":false},"excerpt":{"rendered":"","protected":false},"author":4,"featured_media":0,"parent":5846,"menu_order":1,"comment_status":"closed","ping_status":"closed","template":"","meta":{"_monsterinsights_skip_tracking":false,"_monsterinsights_sitenote_active":false,"_monsterinsights_sitenote_note":"","_monsterinsights_sitenote_category":0,"_genesis_hide_title":false,"_genesis_hide_breadcrumbs":false,"_genesis_hide_singular_image":false,"_genesis_hide_footer_widgets":false,"_genesis_custom_body_class":"","_genesis_custom_post_class":"","_genesis_layout":"","_vp_format_video_url":"","_vp_image_focal_point":[],"footnotes":""},"class_list":{"0":"post-5644","1":"page","2":"type-page","3":"status-publish","5":"entry"},"aioseo_notices":[],"featured_image_src":null,"featured_image_src_square":null,"_links":{"self":[{"href":"https:\/\/cbtm.ca\/fr-ca\/wp-json\/wp\/v2\/pages\/5644","targetHints":{"allow":["GET"]}}],"collection":[{"href":"https:\/\/cbtm.ca\/fr-ca\/wp-json\/wp\/v2\/pages"}],"about":[{"href":"https:\/\/cbtm.ca\/fr-ca\/wp-json\/wp\/v2\/types\/page"}],"author":[{"embeddable":true,"href":"https:\/\/cbtm.ca\/fr-ca\/wp-json\/wp\/v2\/users\/4"}],"replies":[{"embeddable":true,"href":"https:\/\/cbtm.ca\/fr-ca\/wp-json\/wp\/v2\/comments?post=5644"}],"version-history":[{"count":0,"href":"https:\/\/cbtm.ca\/fr-ca\/wp-json\/wp\/v2\/pages\/5644\/revisions"}],"up":[{"embeddable":true,"href":"https:\/\/cbtm.ca\/fr-ca\/wp-json\/wp\/v2\/pages\/5846"}],"wp:attachment":[{"href":"https:\/\/cbtm.ca\/fr-ca\/wp-json\/wp\/v2\/media?parent=5644"}],"curies":[{"name":"wp","href":"https:\/\/api.w.org\/{rel}","templated":true}]}}