{"id":5721,"date":"2023-03-13T15:45:14","date_gmt":"2023-03-13T20:45:14","guid":{"rendered":"https:\/\/cbtm.ca\/programmes-de-tccpc\/la-tccpc-et-actioncancer\/"},"modified":"2024-07-09T13:07:21","modified_gmt":"2024-07-09T18:07:21","slug":"la-tccpc-et-actioncancer","status":"publish","type":"page","link":"https:\/\/cbtm.ca\/fr-ca\/programmes-de-tccpc\/la-tccpc-et-actioncancer\/","title":{"rendered":"La TCCpc et ActionCancer"},"content":{"rendered":"\n<div class=\"wp-block-group alignfull\"><div class=\"wp-block-group__inner-container is-layout-flow wp-block-group-is-layout-flow\">\n<div class=\"wp-block-themepunch-revslider revslider\" data-modal=\"false\" data-slidertitle=\"Programmes de TCCpc - (Programs Intro Fr)\" style=\"\">\n\t\t\t<!-- START Programmes de TCCpc  (Programs Intro Fr) REVOLUTION SLIDER 6.5.19 --><p class=\"rs-p-wp-fix\"><\/p>\n\t\t\t<rs-module-wrap id=\"rev_slider_8_1_wrapper\" data-source=\"gallery\" style=\"visibility:hidden;background:transparent;padding:0;margin:0px auto;margin-top:0;margin-bottom:0;\">\n\t\t\t\t<rs-module id=\"rev_slider_8_1\" style=\"\" data-version=\"6.5.19\">\n\t\t\t\t\t<rs-slides>\n\t\t\t\t\t\t<rs-slide style=\"position: absolute;\" data-key=\"rs-8\" data-title=\"Slide\" data-in=\"o:0;\" data-out=\"a:false;\">\n\t\t\t\t\t\t\t<img decoding=\"async\" src=\"\/\/cbtm.ca\/wp-content\/plugins\/revslider\/public\/assets\/assets\/dummy.png\" alt=\"Slide\" title=\"La TCCpc et ActionCancer\" class=\"rev-slidebg tp-rs-img rs-lazyload\" data-lazyload=\"\/\/cbtm.ca\/wp-content\/plugins\/revslider\/public\/assets\/assets\/transparent.png\" data-no-retina>\n<!--\n\t\t\t\t\t\t\t--><rs-group\n\t\t\t\t\t\t\t\tid=\"slider-8-slide-8-layer-6\" \n\t\t\t\t\t\t\t\tdata-type=\"group\"\n\t\t\t\t\t\t\t\tdata-rsp_ch=\"on\"\n\t\t\t\t\t\t\t\tdata-text=\"w:normal;s:20,20,20,7;l:0,0,0,9;\"\n\t\t\t\t\t\t\t\tdata-dim=\"w:100%;h:100%;\"\n\t\t\t\t\t\t\t\tdata-vbility=\"t,t,f,f\"\n\t\t\t\t\t\t\t\tdata-basealign=\"slide\"\n\t\t\t\t\t\t\t\tdata-frame_0=\"o:1;\"\n\t\t\t\t\t\t\t\tdata-frame_999=\"o:0;st:w;sA:9000;\"\n\t\t\t\t\t\t\t\tstyle=\"z-index:19;\"\n\t\t\t\t\t\t\t><!--\n\t\t\t\t\t\t\t\t--><rs-layer\n\t\t\t\t\t\t\t\t\tid=\"slider-8-slide-8-layer-0\" \n\t\t\t\t\t\t\t\t\tdata-type=\"image\"\n\t\t\t\t\t\t\t\t\tdata-rsp_ch=\"on\"\n\t\t\t\t\t\t\t\t\tdata-xy=\"x:r;xo:-100px,-100px,-100px,-38px;yo:-5px,-5px,-5px,-1px;\"\n\t\t\t\t\t\t\t\t\tdata-text=\"w:normal;s:20,20,20,7;l:0,0,0,9;\"\n\t\t\t\t\t\t\t\t\tdata-dim=\"w:['100%','100%','100%','100%'];h:400px,400px,400px,154px;\"\n\t\t\t\t\t\t\t\t\tdata-basealign=\"slide\"\n\t\t\t\t\t\t\t\t\tdata-frame_999=\"o:0;st:w;\"\n\t\t\t\t\t\t\t\t\tstyle=\"z-index:13;\"\n\t\t\t\t\t\t\t\t><img loading=\"lazy\" decoding=\"async\" src=\"\/\/cbtm.ca\/wp-content\/plugins\/revslider\/public\/assets\/assets\/dummy.png\" alt=\"\" class=\"tp-rs-img rs-lazyload\" width=\"2560\" height=\"848\" data-lazyload=\"\/\/cbtm.ca\/wp-content\/uploads\/2023\/01\/shutterstock_1815109334_People_On_Screen-scaled.jpg\" data-c=\"fullwidth\" data-no-retina> \n\t\t\t\t\t\t\t\t<\/rs-layer><!--\n\n\t\t\t\t\t\t\t\t--><rs-layer\n\t\t\t\t\t\t\t\t\tid=\"slider-8-slide-8-layer-1\" \n\t\t\t\t\t\t\t\t\tdata-type=\"shape\"\n\t\t\t\t\t\t\t\t\tdata-rsp_ch=\"on\"\n\t\t\t\t\t\t\t\t\tdata-text=\"w:normal;s:20,20,20,7;l:0,0,0,9;\"\n\t\t\t\t\t\t\t\t\tdata-dim=\"w:100%;h:100%;\"\n\t\t\t\t\t\t\t\t\tdata-basealign=\"slide\"\n\t\t\t\t\t\t\t\t\tdata-frame_999=\"o:0;st:w;\"\n\t\t\t\t\t\t\t\t\tstyle=\"z-index:14;background-color:rgba(74,84,174,0.77);\"\n\t\t\t\t\t\t\t\t> \n\t\t\t\t\t\t\t\t<\/rs-layer><!--\n\n\t\t\t\t\t\t\t\t--><rs-layer\n\t\t\t\t\t\t\t\t\tid=\"slider-8-slide-8-layer-2\" \n\t\t\t\t\t\t\t\t\tdata-type=\"shape\"\n\t\t\t\t\t\t\t\t\tdata-rsp_ch=\"on\"\n\t\t\t\t\t\t\t\t\tdata-xy=\"yo:-4px,-4px,-4px,-1px;\"\n\t\t\t\t\t\t\t\t\tdata-text=\"w:normal;s:20,20,20,7;l:0,0,0,9;\"\n\t\t\t\t\t\t\t\t\tdata-dim=\"w:224px,224px,224px,85px;h:624px,624px,624px,241px;\"\n\t\t\t\t\t\t\t\t\tdata-vbility=\"t,t,t,f\"\n\t\t\t\t\t\t\t\t\tdata-frame_999=\"o:0;st:w;\"\n\t\t\t\t\t\t\t\t\tstyle=\"z-index:15;background-color:#f5f2f9;\"\n\t\t\t\t\t\t\t\t> \n\t\t\t\t\t\t\t\t<\/rs-layer><!--\n\n\t\t\t\t\t\t\t\t--><h1\n\t\t\t\t\t\t\t\t\tid=\"slider-8-slide-8-layer-3\" \n\t\t\t\t\t\t\t\t\tclass=\"rs-layer introductory-block-title\"\n\t\t\t\t\t\t\t\t\tdata-type=\"text\"\n\t\t\t\t\t\t\t\t\tdata-color=\"#4a54ae\"\n\t\t\t\t\t\t\t\t\tdata-rsp_ch=\"on\"\n\t\t\t\t\t\t\t\t\tdata-xy=\"xo:90px,90px,90px,34px;yo:60px,60px,60px,22px;\"\n\t\t\t\t\t\t\t\t\tdata-text=\"w:normal;s:30,30,30,11;l:25,25,25,9;\"\n\t\t\t\t\t\t\t\t\tdata-dim=\"h:26px,26px,26px,9px;\"\n\t\t\t\t\t\t\t\t\tdata-frame_999=\"o:0;st:w;\"\n\t\t\t\t\t\t\t\t\tstyle=\"z-index:17;font-family:'bariol';.introductory-block-title{ font-family:\"Bariol\"!important;font-weight:900!important;\"\n\t\t\t\t\t\t\t\t>Programmes de TCCpc \n\t\t\t\t\t\t\t\t<\/h1><!--\n\n\t\t\t\t\t\t\t\t--><p\n\t\t\t\t\t\t\t\t\tid=\"slider-8-slide-8-layer-4\" \n\t\t\t\t\t\t\t\t\tclass=\"rs-layer introductory-block-content\"\n\t\t\t\t\t\t\t\t\tdata-type=\"text\"\n\t\t\t\t\t\t\t\t\tdata-color=\"#191b59\"\n\t\t\t\t\t\t\t\t\tdata-rsp_ch=\"on\"\n\t\t\t\t\t\t\t\t\tdata-xy=\"xo:90px,90px,90px,34px;yo:120px,120px,120px,46px;\"\n\t\t\t\t\t\t\t\t\tdata-text=\"w:normal;s:20,20,20,16;l:25,25,25,9;\"\n\t\t\t\t\t\t\t\t\tdata-dim=\"w:480px,480px,480px,185px;\"\n\t\t\t\t\t\t\t\t\tdata-frame_999=\"o:0;st:w;\"\n\t\t\t\t\t\t\t\t\tstyle=\"z-index:18;font-family:'Open Sans';.introductory-block-title{ font-family:\"Bariol\"!important;font-weight:900!important;\"\n\t\t\t\t\t\t\t\t>La TCCpc est un programme de psycho\u00e9ducation bas\u00e9 sur des donn\u00e9es probantes. <br \/>\n<br \/>\nL\u2019\u00e9quipe de TCCpc a proc\u00e9d\u00e9 \u00e0 plusieurs adaptations en vue de mieux r\u00e9pondre aux besoins de diverses populations. <br \/>\n<br \/>\nCliquez sur les programmes suivants pour en savoir plus et pour vous inscrire (aucune recommandation requise). \n\t\t\t\t\t\t\t\t<\/p><!--\n\n\t\t\t\t\t\t\t\t--><rs-layer\n\t\t\t\t\t\t\t\t\tid=\"slider-8-slide-8-layer-10\" \n\t\t\t\t\t\t\t\t\tdata-type=\"image\"\n\t\t\t\t\t\t\t\t\tdata-rsp_ch=\"on\"\n\t\t\t\t\t\t\t\t\tdata-xy=\"xo:56,56,56,20;\"\n\t\t\t\t\t\t\t\t\tdata-text=\"w:normal;s:20,20,20,7;l:0,0,0,9;\"\n\t\t\t\t\t\t\t\t\tdata-dim=\"w:['100%','100%','100%','100%'];h:['110%','110%','110%','110%'];\"\n\t\t\t\t\t\t\t\t\tdata-basealign=\"slide\"\n\t\t\t\t\t\t\t\t\tdata-frame_999=\"o:0;st:w;\"\n\t\t\t\t\t\t\t\t\tstyle=\"z-index:16;\"\n\t\t\t\t\t\t\t\t><img loading=\"lazy\" decoding=\"async\" src=\"\/\/cbtm.ca\/wp-content\/plugins\/revslider\/public\/assets\/assets\/dummy.png\" alt=\"\" class=\"tp-rs-img rs-lazyload\" width=\"707\" height=\"353\" data-lazyload=\"\/\/cbtm.ca\/wp-content\/uploads\/2022\/08\/Untitled-removebg-preview.png\" data-c=\"fullwidth\" data-no-retina> \n\t\t\t\t\t\t\t\t<\/rs-layer><!--\n\t\t\t\t\t\t\t--><\/rs-group><!--\n\n\t\t\t\t\t\t\t--><rs-group\n\t\t\t\t\t\t\t\tid=\"slider-8-slide-8-layer-7\" \n\t\t\t\t\t\t\t\tdata-type=\"group\"\n\t\t\t\t\t\t\t\tdata-rsp_ch=\"on\"\n\t\t\t\t\t\t\t\tdata-text=\"w:normal;s:20,20,20,7;l:0,0,0,9;\"\n\t\t\t\t\t\t\t\tdata-dim=\"w:100%;h:100%;\"\n\t\t\t\t\t\t\t\tdata-vbility=\"f,f,t,t\"\n\t\t\t\t\t\t\t\tdata-basealign=\"slide\"\n\t\t\t\t\t\t\t\tdata-frame_0=\"o:1;\"\n\t\t\t\t\t\t\t\tdata-frame_999=\"o:0;st:w;sA:9000;\"\n\t\t\t\t\t\t\t\tstyle=\"z-index:12;\"\n\t\t\t\t\t\t\t><!--\n\t\t\t\t\t\t\t\t--><rs-layer\n\t\t\t\t\t\t\t\t\tid=\"slider-8-slide-8-layer-8\" \n\t\t\t\t\t\t\t\t\tdata-type=\"image\"\n\t\t\t\t\t\t\t\t\tdata-rsp_ch=\"on\"\n\t\t\t\t\t\t\t\t\tdata-text=\"w:normal;s:20,20,20,7;l:0,0,0,9;\"\n\t\t\t\t\t\t\t\t\tdata-dim=\"w:['100%','100%','100%','100%'];h:['100%','100%','100%','100%'];\"\n\t\t\t\t\t\t\t\t\tdata-basealign=\"slide\"\n\t\t\t\t\t\t\t\t\tdata-frame_999=\"o:0;st:w;\"\n\t\t\t\t\t\t\t\t\tstyle=\"z-index:8;\"\n\t\t\t\t\t\t\t\t><img loading=\"lazy\" decoding=\"async\" src=\"\/\/cbtm.ca\/wp-content\/plugins\/revslider\/public\/assets\/assets\/dummy.png\" alt=\"\" class=\"tp-rs-img rs-lazyload\" width=\"2560\" height=\"1506\" data-lazyload=\"\/\/cbtm.ca\/wp-content\/uploads\/2023\/01\/shutterstock_1815109334_Pemople_On_Screen-scaled.jpg\" data-c=\"cover-proportional\" data-no-retina> \n\t\t\t\t\t\t\t\t<\/rs-layer><!--\n\n\t\t\t\t\t\t\t\t--><rs-layer\n\t\t\t\t\t\t\t\t\tid=\"slider-8-slide-8-layer-9\" \n\t\t\t\t\t\t\t\t\tdata-type=\"shape\"\n\t\t\t\t\t\t\t\t\tdata-rsp_ch=\"on\"\n\t\t\t\t\t\t\t\t\tdata-text=\"w:normal;s:20,20,20,7;l:0,0,0,9;\"\n\t\t\t\t\t\t\t\t\tdata-dim=\"w:100%;h:100%;\"\n\t\t\t\t\t\t\t\t\tdata-basealign=\"slide\"\n\t\t\t\t\t\t\t\t\tdata-frame_999=\"o:0;st:w;\"\n\t\t\t\t\t\t\t\t\tstyle=\"z-index:9;background-color:rgba(74,84,174,0.87);\"\n\t\t\t\t\t\t\t\t> \n\t\t\t\t\t\t\t\t<\/rs-layer><!--\n\n\t\t\t\t\t\t\t\t--><h1\n\t\t\t\t\t\t\t\t\tid=\"slider-8-slide-8-layer-11\" \n\t\t\t\t\t\t\t\t\tclass=\"rs-layer introductory-block-title\"\n\t\t\t\t\t\t\t\t\tdata-type=\"text\"\n\t\t\t\t\t\t\t\t\tdata-rsp_ch=\"on\"\n\t\t\t\t\t\t\t\t\tdata-xy=\"xo:84px,84px,84px,32px;yo:130px,130px,130px,49px;\"\n\t\t\t\t\t\t\t\t\tdata-text=\"w:normal;s:60,60,60,22;l:25,25,25,9;\"\n\t\t\t\t\t\t\t\t\tdata-dim=\"w:480.921875px,480.921875px,480.921875px,185px;h:46px,46px,46px,17px;\"\n\t\t\t\t\t\t\t\t\tdata-basealign=\"slide\"\n\t\t\t\t\t\t\t\t\tdata-frame_999=\"o:0;st:w;\"\n\t\t\t\t\t\t\t\t\tstyle=\"z-index:11;font-family:'bariol';.introductory-block-title{ font-family:\"Bariol\"!important;font-weight:900!important;\"\n\t\t\t\t\t\t\t\t>CBTm Programs \n\t\t\t\t\t\t\t\t<\/h1><!--\n\n\t\t\t\t\t\t\t\t--><rs-layer\n\t\t\t\t\t\t\t\t\tid=\"slider-8-slide-8-layer-12\" \n\t\t\t\t\t\t\t\t\tclass=\"introductory-block-content\"\n\t\t\t\t\t\t\t\t\tdata-type=\"text\"\n\t\t\t\t\t\t\t\t\tdata-rsp_ch=\"on\"\n\t\t\t\t\t\t\t\t\tdata-xy=\"xo:29px,29px,29px,32px;yo:187px,187px,187px,101px;\"\n\t\t\t\t\t\t\t\t\tdata-text=\"w:normal;s:40,40,40,15;l:50,50,50,19;\"\n\t\t\t\t\t\t\t\t\tdata-dim=\"w:1056px,1056px,1056px,408px;h:187px,187px,187px,72px;\"\n\t\t\t\t\t\t\t\t\tdata-basealign=\"slide\"\n\t\t\t\t\t\t\t\t\tdata-frame_999=\"o:0;st:w;\"\n\t\t\t\t\t\t\t\t\tstyle=\"z-index:10;font-family:'Open Sans';.introductory-block-title{ font-family:\"Bariol\"!important;font-weight:900!important;\"\n\t\t\t\t\t\t\t\t>CBTm is an evidence-based educational program. <br \/>\n<br \/>\nThe CBTm Hub Team have created several adaptations to better suit the needs of various populations. <br \/>\n<br \/>\nClick through the programs to learn more and register (no referrals required).  \n\t\t\t\t\t\t\t\t<\/rs-layer><!--\n\t\t\t\t\t\t\t--><\/rs-group><!--\n-->\t\t\t\t\t\t<\/rs-slide>\n\t\t\t\t\t<\/rs-slides>\n\t\t\t\t<\/rs-module>\n\t\t\t\t<script>\n\t\t\t\t\tsetREVStartSize({c: 'rev_slider_8_1',rl:[1240,1240,1240,480],el:[450,450,450,300],gw:[1240,1240,1240,480],gh:[450,450,450,350],type:'hero',justify:'',layout:'fullwidth',mh:\"0\"});if (window.RS_MODULES!==undefined && window.RS_MODULES.modules!==undefined && window.RS_MODULES.modules[\"revslider81\"]!==undefined) {window.RS_MODULES.modules[\"revslider81\"].once = false;window.revapi8 = undefined;if (window.RS_MODULES.checkMinimal!==undefined) window.RS_MODULES.checkMinimal()}\n\t\t\t\t<\/script>\n\t\t\t<\/rs-module-wrap>\n\t\t\t<!-- END REVOLUTION SLIDER -->\n<\/div>\n<\/div><\/div>\n\n\n\n<div class=\"wp-block-genesis-blocks-gb-columns submenu-navigation program-submenu gb-layout-columns-1 gb-1-col-equal gb-columns-center alignfull\" style=\"padding-top:5%;padding-right:10%;padding-bottom:5%;padding-left:10%\"><div class=\"gb-layout-column-wrap gb-block-layout-column-gap-2 gb-is-responsive-column\" style=\"max-width:2000px\">\n<div class=\"wp-block-genesis-blocks-gb-column gb-block-layout-column\"><div class=\"gb-block-layout-column-inner\"><nav style=\"font-style:normal;font-weight:700;text-transform:capitalize;\" class=\"has-text-color has-theme-secondary-color has-larger-font-size is-responsive items-justified-space-between no-wrap alignfull collapsable-menu wp-block-navigation is-horizontal is-content-justification-space-between is-nowrap is-layout-flex wp-container-core-navigation-is-layout-d781b60d wp-block-navigation-is-layout-flex\" aria-label=\"Programs - French (Canada)\" \n\t\t data-wp-interactive=\"core\/navigation\" data-wp-context='{\"overlayOpenedBy\":{\"click\":false,\"hover\":false,\"focus\":false},\"type\":\"overlay\",\"roleAttribute\":\"\",\"ariaLabel\":\"Menu\"}'><button aria-haspopup=\"dialog\" aria-label=\"Ouvrir le menu\" class=\"wp-block-navigation__responsive-container-open\" \n\t\t\t\tdata-wp-on--click=\"actions.openMenuOnClick\"\n\t\t\t\tdata-wp-on--keydown=\"actions.handleMenuKeydown\"\n\t\t\t><svg width=\"24\" height=\"24\" xmlns=\"http:\/\/www.w3.org\/2000\/svg\" viewBox=\"0 0 24 24\"><path d=\"M5 5v1.5h14V5H5z\"><\/path><path d=\"M5 12.8h14v-1.5H5v1.5z\"><\/path><path d=\"M5 19h14v-1.5H5V19z\"><\/path><\/svg><\/button>\n\t\t\t\t<div class=\"wp-block-navigation__responsive-container\"  id=\"modal-1\" \n\t\t\t\tdata-wp-class--has-modal-open=\"state.isMenuOpen\"\n\t\t\t\tdata-wp-class--is-menu-open=\"state.isMenuOpen\"\n\t\t\t\tdata-wp-watch=\"callbacks.initMenu\"\n\t\t\t\tdata-wp-on--keydown=\"actions.handleMenuKeydown\"\n\t\t\t\tdata-wp-on--focusout=\"actions.handleMenuFocusout\"\n\t\t\t\ttabindex=\"-1\"\n\t\t\t>\n\t\t\t\t\t<div class=\"wp-block-navigation__responsive-close\" tabindex=\"-1\">\n\t\t\t\t\t\t<div class=\"wp-block-navigation__responsive-dialog\" \n\t\t\t\tdata-wp-bind--aria-modal=\"state.ariaModal\"\n\t\t\t\tdata-wp-bind--aria-label=\"state.ariaLabel\"\n\t\t\t\tdata-wp-bind--role=\"state.roleAttribute\"\n\t\t\t>\n\t\t\t\t\t\t\t<button aria-label=\"Fermer le menu\" class=\"wp-block-navigation__responsive-container-close\" \n\t\t\t\tdata-wp-on--click=\"actions.closeMenuOnClick\"\n\t\t\t><svg xmlns=\"http:\/\/www.w3.org\/2000\/svg\" viewBox=\"0 0 24 24\" width=\"24\" height=\"24\" aria-hidden=\"true\" focusable=\"false\"><path d=\"m13.06 12 6.47-6.47-1.06-1.06L12 10.94 5.53 4.47 4.47 5.53 10.94 12l-6.47 6.47 1.06 1.06L12 13.06l6.47 6.47 1.06-1.06L13.06 12Z\"><\/path><\/svg><\/button>\n\t\t\t\t\t\t\t<div class=\"wp-block-navigation__responsive-container-content\" \n\t\t\t\tdata-wp-watch=\"callbacks.focusFirstElement\"\n\t\t\t id=\"modal-1-content\">\n\t\t\t\t\t\t\t\t<ul style=\"font-style:normal;font-weight:700;text-transform:capitalize;\" class=\"wp-block-navigation__container has-text-color has-theme-secondary-color has-larger-font-size is-responsive items-justified-space-between no-wrap alignfull collapsable-menu wp-block-navigation has-larger-font-size\"><li class=\"has-larger-font-size wp-block-navigation-item wp-block-navigation-link\"><a class=\"wp-block-navigation-item__content\"  href=\"https:\/\/cbtm.ca\/fr-ca\/programmes-de-tccpc\/pour-les-adultes\/\"><span class=\"wp-block-navigation-item__label\">Adultes (18+)<\/span><\/a><\/li><li class=\"has-larger-font-size wp-block-navigation-item wp-block-navigation-link\"><a class=\"wp-block-navigation-item__content\"  href=\"https:\/\/cbtm.ca\/fr-ca\/programmes-de-tccpc\/jeunes-12-17-ans\/\"><span class=\"wp-block-navigation-item__label\">Jeunes (12-17 ans)<\/span><\/a><\/li><li class=\"has-larger-font-size wp-block-navigation-item wp-block-navigation-link\"><a class=\"wp-block-navigation-item__content\"  href=\"https:\/\/cbtm.ca\/fr-ca\/programmes-de-tccpc\/physicians-medical-learners\/\"><span class=\"wp-block-navigation-item__label\">Physicians &amp; Medical Learners<\/span><\/a><\/li><li class=\"has-larger-font-size wp-block-navigation-item wp-block-navigation-link\"><a class=\"wp-block-navigation-item__content\"  href=\"https:\/\/cbtm.ca\/fr-ca\/programmes-de-tccpc\/professionnels-de-la-sante\/\"><span class=\"wp-block-navigation-item__label\">Professionnels de la sant\u00e9<\/span><\/a><\/li><li class=\"has-larger-font-size wp-block-navigation-item wp-block-navigation-link\"><a class=\"wp-block-navigation-item__content\"  href=\"https:\/\/cbtm.ca\/fr-ca\/programmes-de-tccpc\/militaires-et-anciens-combattants\/\"><span class=\"wp-block-navigation-item__label\">Militaires et anciens combattants<\/span><\/a><\/li><li class=\"has-larger-font-size wp-block-navigation-item wp-block-navigation-link\"><a class=\"wp-block-navigation-item__content\"  href=\"https:\/\/cbtm.ca\/fr-ca\/programmes-de-tccpc\/personnel-de-la-sante-publique\/\"><span class=\"wp-block-navigation-item__label\">Personnel de la sant\u00e9 publique<\/span><\/a><\/li><li class=\"has-larger-font-size wp-block-navigation-item wp-block-navigation-link\"><a class=\"wp-block-navigation-item__content\"  href=\"https:\/\/cbtm.ca\/fr-ca\/programmes-de-tccpc\/turning-pages\/\"><span class=\"wp-block-navigation-item__label\">Programme Turning Pages (50+)<\/span><\/a><\/li><li class=\"has-larger-font-size wp-block-navigation-item wp-block-navigation-link\"><a class=\"wp-block-navigation-item__content\"  href=\"https:\/\/cbtm.ca\/fr-ca\/programmes-de-tccpc\/cross-cultural\/\"><span class=\"wp-block-navigation-item__label\">Cross-Cultural<\/span><\/a><\/li><li class=\"has-larger-font-size wp-block-navigation-item wp-block-navigation-link\"><a class=\"wp-block-navigation-item__content\"  href=\"https:\/\/cbtm.ca\/fr-ca\/programmes-de-tccpc\/la-tccpc-et-actioncancer\/\"><span class=\"wp-block-navigation-item__label\">La TCCpc et ActionCancer<\/span><\/a><\/li><li class=\"has-larger-font-size wp-block-navigation-item wp-block-navigation-link\"><a class=\"wp-block-navigation-item__content\"  href=\"https:\/\/cbtm.ca\/fr-ca\/programmes-de-tccpc\/tccpc-en-francais\/\"><span class=\"wp-block-navigation-item__label\">TCCpc en fran\u00e7ais<\/span><\/a><\/li><\/ul>\n\t\t\t\t\t\t\t<\/div>\n\t\t\t\t\t\t<\/div>\n\t\t\t\t\t<\/div>\n\t\t\t\t<\/div><\/nav><\/div><\/div>\n<\/div><\/div>\n\n\n\n<div class=\"wp-block-genesis-blocks-gb-columns gb-layout-columns-2 gb-2-col-wideleft gb-has-custom-background-color alignfull\" style=\"padding-top:5%;padding-right:15%;padding-bottom:5%;padding-left:15%;background-color:#f0f1f8\"><div class=\"gb-layout-column-wrap gb-block-layout-column-gap-2 gb-is-responsive-column\">\n<div class=\"wp-block-genesis-blocks-gb-column pop-card four-quadrant-block gb-block-layout-column\"><div class=\"gb-block-layout-column-inner has-white-background-color\" style=\"margin-bottom:5%;padding:3%\">\n<h2 class=\"wp-block-heading\">ActionCancer<\/h2>\n\n\n\n<p>ActionCancer Manitoba et le Community Cancer Programs Network (CCPN) offrent un programme d\u2019\u00e9ducation en ligne pour aider les personnes atteintes d\u2019un cancer et les personnes qui les soutiennent \u00e0 apprendre \u00e0 g\u00e9rer les \u00e9motions et les pens\u00e9es difficiles. Ce programme est bas\u00e9 sur la th\u00e9rapie cognitivo-comportementale de la pleine conscience (TCCpc). Il permet de renforcer la r\u00e9silience et de redonner espoir aux personnes atteintes d\u2019un cancer. <\/p>\n\n\n\n<p><\/p>\n\n\n\n<h2 class=\"wp-block-heading\">Qui peut s\u2019inscrire?<\/h2>\n\n\n\n<p>Les patients d\u2019ActionCancer Manitoba et les personnes qui leur apportent du soutien.<\/p>\n\n\n\n<p><\/p>\n\n\n\n<h2 class=\"wp-block-heading\">Nourrir l\u2019espoir et renforcer la r\u00e9silience<\/h2>\n\n\n\n<p>Les cours sur la TCCpc d\u2019ActionCancer ont pour but d\u2019aider les personnes atteintes d\u2019un cancer et les personnes qui leur offrent du soutien pour les aspects suivants :<\/p>\n\n\n\n<ul class=\"wp-block-list\">\n<li>Sentiments de tristesse ou inqui\u00e9tudes qui nuisent \u00e0 la vie quotidienne. <\/li>\n\n\n\n<li>Volont\u00e9 d\u2019acqu\u00e9rir de nouvelles comp\u00e9tences pour promouvoir le bien-\u00eatre.<\/li>\n\n\n\n<li>Volont\u00e9 d\u2019am\u00e9liorer ses comp\u00e9tences pour soutenir des proches et prendre soin de leur sant\u00e9 mentale et de leur bien-\u00eatre.<\/li>\n<\/ul>\n\n\n\n<p><\/p>\n\n\n\n<h2 class=\"wp-block-heading\">Pr\u00e9cisions concernant le programme :<\/h2>\n\n\n\n<div class=\"wp-block-columns is-layout-flex wp-container-core-columns-is-layout-9d6595d7 wp-block-columns-is-layout-flex\">\n<div class=\"wp-block-column is-layout-flow wp-block-column-is-layout-flow\" style=\"flex-basis:100%\">\n<p>Ce programme adapt\u00e9 est offert par l\u2019entremise d\u2019ActionCancer Manitoba avec le soutien d\u2019experts-conseils en oncologie d\u2019ActionCancer Manitoba et du CCPN. Les programmes r\u00e9gionaux de canc\u00e9rologie du CCPN sont offerts \u00e0 l\u2019\u00e9chelle provinciale par ActionCancer Manitoba, en partenariat avec les Offices r\u00e9gionaux de la sant\u00e9.<\/p>\n\n\n\n<div style=\"color:#ddd\" class=\"wp-block-genesis-blocks-gb-spacer gb-block-spacer gb-divider-solid gb-divider-size-1\"><hr style=\"height:30px\"\/><\/div>\n\n\n\n<p>Les cours sont donn\u00e9s en mode virtuel par visioconf\u00e9rence sur Zoom par des conseillers poss\u00e9dant une formation. Les s\u00e9ances durent approximativement 90 minutes et ont lieu une fois par semaine, pendant 6 semaines.<\/p>\n\n\n\n<div style=\"color:#ddd\" class=\"wp-block-genesis-blocks-gb-spacer gb-block-spacer gb-divider-solid gb-divider-size-1\"><hr style=\"height:30px\"\/><\/div>\n\n\n\n<div class=\"wp-block-columns is-layout-flex wp-container-core-columns-is-layout-9d6595d7 wp-block-columns-is-layout-flex\">\n<div class=\"wp-block-column is-layout-flow wp-block-column-is-layout-flow\">\n<p>Pour voir une affiche avec de l\u2019information additionnelle, <strong><a href=\"https:\/\/cbtm.ca\/wp-content\/uploads\/2023\/03\/CBTm-2023-no-dates.pdf\" target=\"_blank\" rel=\"noopener sponsored\" title=\"Opens a PDF poster in a new tab\">cliquez ici<\/a><\/strong>.<\/p>\n<\/div>\n<\/div>\n\n\n\n<p><\/p>\n<\/div>\n<\/div>\n\n\n\n<h2 class=\"wp-block-heading\">Comment a-t-on acc\u00e8s au programme?<\/h2>\n\n\n\n<div class=\"wp-block-genesis-blocks-gb-columns gb-layout-columns-1 one-column\" style=\"padding-left:43px\"><div class=\"gb-layout-column-wrap gb-block-layout-column-gap-2 gb-is-responsive-column\">\n<div class=\"wp-block-genesis-blocks-gb-column gb-block-layout-column\"><div class=\"gb-block-layout-column-inner\">\n<ul class=\"wp-block-list\">\n<li>Pour obtenir de l\u2019information sur les dates et vous inscrire, veuillez communiquer avec <strong>les Services aux patients et aux familles <\/strong> <strong>d\u2019ActionCancer Manitoba<\/strong>, par t\u00e9l\u00e9phone, au <a href=\"tel:2047874119\" title=\"(204) 787-4119\">(204) 787-4119<\/a> ou <a href=\"tel:18665611026\" title=\"1-866-561-1026\">1-866-561-1026<\/a> t\u00e9l\u00e9phone, au <a href=\"mailto:pfssinquiry@cancercare.mb.ca\">pfssinquiry@cancercare.mb.ca<\/a>.<br><\/li>\n\n\n\n<li>Vous pouvez aussi communiquer avec <strong>le Community Cancer Programs Network<\/strong> pour obtenir de l\u2019information sur les cours de groupe sur la TCCpc offerts par ActionCancer dans votre r\u00e9gion : <strong><a href=\"https:\/\/www.cancercare.mb.ca\/Patient-Family\/information-for-rural-patients\" target=\"_blank\" rel=\"noopener\" title=\"Acc\u00e9der au site Web d\u2019ActionCancer Manitoba dans un nouvel onglet\">cliquez ici pour acc\u00e9der au site Web<\/a><\/strong>.<\/li>\n<\/ul>\n<\/div><\/div>\n<\/div><\/div>\n\n\n\n<h2 class=\"wp-block-heading\"><\/h2>\n\n\n\n<p><\/p>\n<\/div><\/div>\n\n\n\n<div class=\"wp-block-genesis-blocks-gb-column pop-card gb-block-layout-column\"><div class=\"gb-block-layout-column-inner has-white-background-color\" style=\"padding:6%\">\n<h2 class=\"wp-block-heading\" id=\"register\">Pour s\u2019inscrire :<\/h2>\n\n\n\n<div class=\"wp-block-columns is-layout-flex wp-container-core-columns-is-layout-9d6595d7 wp-block-columns-is-layout-flex\">\n<div class=\"wp-block-column is-layout-flow wp-block-column-is-layout-flow\" style=\"flex-basis:100%\">\n<p>Voici les coordonn\u00e9es pour vous inscrire <br><strong> au programme d\u2019ActionCancer sur la TCCpc :<\/strong><br><br>T\u00e9l\u00e9phone : <strong>(204) 787-4119<\/strong><br>Num\u00e9ro sans frais : <strong>1-866-561-1026<\/strong><br>Courriel : <strong>pfssinquiry@cancercare.mb.ca <\/strong> <\/p>\n<\/div>\n<\/div>\n\n\n\n<h2 class=\"wp-block-heading\">Co\u00fbts :<\/h2>\n\n\n\n<p>Il n\u2019y a aucun droit d\u2019inscription ni frais de participation pour les cours.<\/p>\n<\/div><\/div>\n<\/div><\/div>\n","protected":false},"excerpt":{"rendered":"","protected":false},"author":428,"featured_media":0,"parent":5653,"menu_order":0,"comment_status":"closed","ping_status":"closed","template":"","meta":{"_lmt_disableupdate":"","_lmt_disable":"","_monsterinsights_skip_tracking":false,"_monsterinsights_sitenote_active":false,"_monsterinsights_sitenote_note":"","_monsterinsights_sitenote_category":0,"_genesis_hide_title":false,"_genesis_hide_breadcrumbs":false,"_genesis_hide_singular_image":false,"_genesis_hide_footer_widgets":false,"_genesis_custom_body_class":"","_genesis_custom_post_class":"","_genesis_layout":"","_vp_format_video_url":"","_vp_image_focal_point":[],"footnotes":""},"class_list":{"0":"post-5721","1":"page","2":"type-page","3":"status-publish","5":"entry"},"aioseo_notices":[],"featured_image_src":null,"featured_image_src_square":null,"_links":{"self":[{"href":"https:\/\/cbtm.ca\/fr-ca\/wp-json\/wp\/v2\/pages\/5721","targetHints":{"allow":["GET"]}}],"collection":[{"href":"https:\/\/cbtm.ca\/fr-ca\/wp-json\/wp\/v2\/pages"}],"about":[{"href":"https:\/\/cbtm.ca\/fr-ca\/wp-json\/wp\/v2\/types\/page"}],"author":[{"embeddable":true,"href":"https:\/\/cbtm.ca\/fr-ca\/wp-json\/wp\/v2\/users\/428"}],"replies":[{"embeddable":true,"href":"https:\/\/cbtm.ca\/fr-ca\/wp-json\/wp\/v2\/comments?post=5721"}],"version-history":[{"count":0,"href":"https:\/\/cbtm.ca\/fr-ca\/wp-json\/wp\/v2\/pages\/5721\/revisions"}],"up":[{"embeddable":true,"href":"https:\/\/cbtm.ca\/fr-ca\/wp-json\/wp\/v2\/pages\/5653"}],"wp:attachment":[{"href":"https:\/\/cbtm.ca\/fr-ca\/wp-json\/wp\/v2\/media?parent=5721"}],"curies":[{"name":"wp","href":"https:\/\/api.w.org\/{rel}","templated":true}]}}