{"id":5725,"date":"2022-03-23T16:32:00","date_gmt":"2022-03-23T21:32:00","guid":{"rendered":"https:\/\/cbtm.ca\/programmes-de-tccpc\/programme-turning-pages-50\/"},"modified":"2026-03-19T15:27:08","modified_gmt":"2026-03-19T20:27:08","slug":"turning-pages","status":"publish","type":"page","link":"https:\/\/cbtm.ca\/fr-ca\/programmes-de-tccpc\/turning-pages\/","title":{"rendered":"Programme Turning Pages (50+)"},"content":{"rendered":"\n<div class=\"wp-block-group alignfull\"><div class=\"wp-block-group__inner-container is-layout-flow wp-block-group-is-layout-flow\">\n<div class=\"wp-block-themepunch-revslider revslider\" data-modal=\"false\" data-slidertitle=\"Programmes de TCCpc - (Programs Intro Fr)\" style=\"\">\n\t\t\t<!-- START Programmes de TCCpc  (Programs Intro Fr) REVOLUTION SLIDER 6.5.19 --><p class=\"rs-p-wp-fix\"><\/p>\n\t\t\t<rs-module-wrap id=\"rev_slider_8_1_wrapper\" data-source=\"gallery\" style=\"visibility:hidden;background:transparent;padding:0;margin:0px auto;margin-top:0;margin-bottom:0;\">\n\t\t\t\t<rs-module id=\"rev_slider_8_1\" style=\"\" data-version=\"6.5.19\">\n\t\t\t\t\t<rs-slides>\n\t\t\t\t\t\t<rs-slide style=\"position: absolute;\" data-key=\"rs-8\" data-title=\"Slide\" data-in=\"o:0;\" data-out=\"a:false;\">\n\t\t\t\t\t\t\t<img decoding=\"async\" src=\"\/\/cbtm.ca\/wp-content\/plugins\/revslider\/public\/assets\/assets\/dummy.png\" alt=\"Slide\" title=\"Programme Turning Pages (50+)\" class=\"rev-slidebg tp-rs-img rs-lazyload\" data-lazyload=\"\/\/cbtm.ca\/wp-content\/plugins\/revslider\/public\/assets\/assets\/transparent.png\" data-no-retina>\n<!--\n\t\t\t\t\t\t\t--><rs-group\n\t\t\t\t\t\t\t\tid=\"slider-8-slide-8-layer-6\" \n\t\t\t\t\t\t\t\tdata-type=\"group\"\n\t\t\t\t\t\t\t\tdata-rsp_ch=\"on\"\n\t\t\t\t\t\t\t\tdata-text=\"w:normal;s:20,20,20,7;l:0,0,0,9;\"\n\t\t\t\t\t\t\t\tdata-dim=\"w:100%;h:100%;\"\n\t\t\t\t\t\t\t\tdata-vbility=\"t,t,f,f\"\n\t\t\t\t\t\t\t\tdata-basealign=\"slide\"\n\t\t\t\t\t\t\t\tdata-frame_0=\"o:1;\"\n\t\t\t\t\t\t\t\tdata-frame_999=\"o:0;st:w;sA:9000;\"\n\t\t\t\t\t\t\t\tstyle=\"z-index:19;\"\n\t\t\t\t\t\t\t><!--\n\t\t\t\t\t\t\t\t--><rs-layer\n\t\t\t\t\t\t\t\t\tid=\"slider-8-slide-8-layer-0\" \n\t\t\t\t\t\t\t\t\tdata-type=\"image\"\n\t\t\t\t\t\t\t\t\tdata-rsp_ch=\"on\"\n\t\t\t\t\t\t\t\t\tdata-xy=\"x:r;xo:-100px,-100px,-100px,-38px;yo:-5px,-5px,-5px,-1px;\"\n\t\t\t\t\t\t\t\t\tdata-text=\"w:normal;s:20,20,20,7;l:0,0,0,9;\"\n\t\t\t\t\t\t\t\t\tdata-dim=\"w:['100%','100%','100%','100%'];h:400px,400px,400px,154px;\"\n\t\t\t\t\t\t\t\t\tdata-basealign=\"slide\"\n\t\t\t\t\t\t\t\t\tdata-frame_999=\"o:0;st:w;\"\n\t\t\t\t\t\t\t\t\tstyle=\"z-index:13;\"\n\t\t\t\t\t\t\t\t><img loading=\"lazy\" decoding=\"async\" src=\"\/\/cbtm.ca\/wp-content\/plugins\/revslider\/public\/assets\/assets\/dummy.png\" alt=\"\" class=\"tp-rs-img rs-lazyload\" width=\"2560\" height=\"848\" data-lazyload=\"\/\/cbtm.ca\/wp-content\/uploads\/2023\/01\/shutterstock_1815109334_People_On_Screen-scaled.jpg\" data-c=\"fullwidth\" data-no-retina> \n\t\t\t\t\t\t\t\t<\/rs-layer><!--\n\n\t\t\t\t\t\t\t\t--><rs-layer\n\t\t\t\t\t\t\t\t\tid=\"slider-8-slide-8-layer-1\" \n\t\t\t\t\t\t\t\t\tdata-type=\"shape\"\n\t\t\t\t\t\t\t\t\tdata-rsp_ch=\"on\"\n\t\t\t\t\t\t\t\t\tdata-text=\"w:normal;s:20,20,20,7;l:0,0,0,9;\"\n\t\t\t\t\t\t\t\t\tdata-dim=\"w:100%;h:100%;\"\n\t\t\t\t\t\t\t\t\tdata-basealign=\"slide\"\n\t\t\t\t\t\t\t\t\tdata-frame_999=\"o:0;st:w;\"\n\t\t\t\t\t\t\t\t\tstyle=\"z-index:14;background-color:rgba(74,84,174,0.77);\"\n\t\t\t\t\t\t\t\t> \n\t\t\t\t\t\t\t\t<\/rs-layer><!--\n\n\t\t\t\t\t\t\t\t--><rs-layer\n\t\t\t\t\t\t\t\t\tid=\"slider-8-slide-8-layer-2\" \n\t\t\t\t\t\t\t\t\tdata-type=\"shape\"\n\t\t\t\t\t\t\t\t\tdata-rsp_ch=\"on\"\n\t\t\t\t\t\t\t\t\tdata-xy=\"yo:-4px,-4px,-4px,-1px;\"\n\t\t\t\t\t\t\t\t\tdata-text=\"w:normal;s:20,20,20,7;l:0,0,0,9;\"\n\t\t\t\t\t\t\t\t\tdata-dim=\"w:224px,224px,224px,85px;h:624px,624px,624px,241px;\"\n\t\t\t\t\t\t\t\t\tdata-vbility=\"t,t,t,f\"\n\t\t\t\t\t\t\t\t\tdata-frame_999=\"o:0;st:w;\"\n\t\t\t\t\t\t\t\t\tstyle=\"z-index:15;background-color:#f5f2f9;\"\n\t\t\t\t\t\t\t\t> \n\t\t\t\t\t\t\t\t<\/rs-layer><!--\n\n\t\t\t\t\t\t\t\t--><h1\n\t\t\t\t\t\t\t\t\tid=\"slider-8-slide-8-layer-3\" \n\t\t\t\t\t\t\t\t\tclass=\"rs-layer introductory-block-title\"\n\t\t\t\t\t\t\t\t\tdata-type=\"text\"\n\t\t\t\t\t\t\t\t\tdata-color=\"#4a54ae\"\n\t\t\t\t\t\t\t\t\tdata-rsp_ch=\"on\"\n\t\t\t\t\t\t\t\t\tdata-xy=\"xo:90px,90px,90px,34px;yo:60px,60px,60px,22px;\"\n\t\t\t\t\t\t\t\t\tdata-text=\"w:normal;s:30,30,30,11;l:25,25,25,9;\"\n\t\t\t\t\t\t\t\t\tdata-dim=\"h:26px,26px,26px,9px;\"\n\t\t\t\t\t\t\t\t\tdata-frame_999=\"o:0;st:w;\"\n\t\t\t\t\t\t\t\t\tstyle=\"z-index:17;font-family:'bariol';.introductory-block-title{ font-family:\"Bariol\"!important;font-weight:900!important;\"\n\t\t\t\t\t\t\t\t>Programmes de TCCpc \n\t\t\t\t\t\t\t\t<\/h1><!--\n\n\t\t\t\t\t\t\t\t--><p\n\t\t\t\t\t\t\t\t\tid=\"slider-8-slide-8-layer-4\" \n\t\t\t\t\t\t\t\t\tclass=\"rs-layer introductory-block-content\"\n\t\t\t\t\t\t\t\t\tdata-type=\"text\"\n\t\t\t\t\t\t\t\t\tdata-color=\"#191b59\"\n\t\t\t\t\t\t\t\t\tdata-rsp_ch=\"on\"\n\t\t\t\t\t\t\t\t\tdata-xy=\"xo:90px,90px,90px,34px;yo:120px,120px,120px,46px;\"\n\t\t\t\t\t\t\t\t\tdata-text=\"w:normal;s:20,20,20,16;l:25,25,25,9;\"\n\t\t\t\t\t\t\t\t\tdata-dim=\"w:480px,480px,480px,185px;\"\n\t\t\t\t\t\t\t\t\tdata-frame_999=\"o:0;st:w;\"\n\t\t\t\t\t\t\t\t\tstyle=\"z-index:18;font-family:'Open Sans';.introductory-block-title{ font-family:\"Bariol\"!important;font-weight:900!important;\"\n\t\t\t\t\t\t\t\t>La TCCpc est un programme de psycho\u00e9ducation bas\u00e9 sur des donn\u00e9es probantes. <br \/>\n<br \/>\nL\u2019\u00e9quipe de TCCpc a proc\u00e9d\u00e9 \u00e0 plusieurs adaptations en vue de mieux r\u00e9pondre aux besoins de diverses populations. <br \/>\n<br \/>\nCliquez sur les programmes suivants pour en savoir plus et pour vous inscrire (aucune recommandation requise). \n\t\t\t\t\t\t\t\t<\/p><!--\n\n\t\t\t\t\t\t\t\t--><rs-layer\n\t\t\t\t\t\t\t\t\tid=\"slider-8-slide-8-layer-10\" \n\t\t\t\t\t\t\t\t\tdata-type=\"image\"\n\t\t\t\t\t\t\t\t\tdata-rsp_ch=\"on\"\n\t\t\t\t\t\t\t\t\tdata-xy=\"xo:56,56,56,20;\"\n\t\t\t\t\t\t\t\t\tdata-text=\"w:normal;s:20,20,20,7;l:0,0,0,9;\"\n\t\t\t\t\t\t\t\t\tdata-dim=\"w:['100%','100%','100%','100%'];h:['110%','110%','110%','110%'];\"\n\t\t\t\t\t\t\t\t\tdata-basealign=\"slide\"\n\t\t\t\t\t\t\t\t\tdata-frame_999=\"o:0;st:w;\"\n\t\t\t\t\t\t\t\t\tstyle=\"z-index:16;\"\n\t\t\t\t\t\t\t\t><img loading=\"lazy\" decoding=\"async\" src=\"\/\/cbtm.ca\/wp-content\/plugins\/revslider\/public\/assets\/assets\/dummy.png\" alt=\"\" class=\"tp-rs-img rs-lazyload\" width=\"707\" height=\"353\" data-lazyload=\"\/\/cbtm.ca\/wp-content\/uploads\/2022\/08\/Untitled-removebg-preview.png\" data-c=\"fullwidth\" data-no-retina> \n\t\t\t\t\t\t\t\t<\/rs-layer><!--\n\t\t\t\t\t\t\t--><\/rs-group><!--\n\n\t\t\t\t\t\t\t--><rs-group\n\t\t\t\t\t\t\t\tid=\"slider-8-slide-8-layer-7\" \n\t\t\t\t\t\t\t\tdata-type=\"group\"\n\t\t\t\t\t\t\t\tdata-rsp_ch=\"on\"\n\t\t\t\t\t\t\t\tdata-text=\"w:normal;s:20,20,20,7;l:0,0,0,9;\"\n\t\t\t\t\t\t\t\tdata-dim=\"w:100%;h:100%;\"\n\t\t\t\t\t\t\t\tdata-vbility=\"f,f,t,t\"\n\t\t\t\t\t\t\t\tdata-basealign=\"slide\"\n\t\t\t\t\t\t\t\tdata-frame_0=\"o:1;\"\n\t\t\t\t\t\t\t\tdata-frame_999=\"o:0;st:w;sA:9000;\"\n\t\t\t\t\t\t\t\tstyle=\"z-index:12;\"\n\t\t\t\t\t\t\t><!--\n\t\t\t\t\t\t\t\t--><rs-layer\n\t\t\t\t\t\t\t\t\tid=\"slider-8-slide-8-layer-8\" \n\t\t\t\t\t\t\t\t\tdata-type=\"image\"\n\t\t\t\t\t\t\t\t\tdata-rsp_ch=\"on\"\n\t\t\t\t\t\t\t\t\tdata-text=\"w:normal;s:20,20,20,7;l:0,0,0,9;\"\n\t\t\t\t\t\t\t\t\tdata-dim=\"w:['100%','100%','100%','100%'];h:['100%','100%','100%','100%'];\"\n\t\t\t\t\t\t\t\t\tdata-basealign=\"slide\"\n\t\t\t\t\t\t\t\t\tdata-frame_999=\"o:0;st:w;\"\n\t\t\t\t\t\t\t\t\tstyle=\"z-index:8;\"\n\t\t\t\t\t\t\t\t><img loading=\"lazy\" decoding=\"async\" src=\"\/\/cbtm.ca\/wp-content\/plugins\/revslider\/public\/assets\/assets\/dummy.png\" alt=\"\" class=\"tp-rs-img rs-lazyload\" width=\"2560\" height=\"1506\" data-lazyload=\"\/\/cbtm.ca\/wp-content\/uploads\/2023\/01\/shutterstock_1815109334_Pemople_On_Screen-scaled.jpg\" data-c=\"cover-proportional\" data-no-retina> \n\t\t\t\t\t\t\t\t<\/rs-layer><!--\n\n\t\t\t\t\t\t\t\t--><rs-layer\n\t\t\t\t\t\t\t\t\tid=\"slider-8-slide-8-layer-9\" \n\t\t\t\t\t\t\t\t\tdata-type=\"shape\"\n\t\t\t\t\t\t\t\t\tdata-rsp_ch=\"on\"\n\t\t\t\t\t\t\t\t\tdata-text=\"w:normal;s:20,20,20,7;l:0,0,0,9;\"\n\t\t\t\t\t\t\t\t\tdata-dim=\"w:100%;h:100%;\"\n\t\t\t\t\t\t\t\t\tdata-basealign=\"slide\"\n\t\t\t\t\t\t\t\t\tdata-frame_999=\"o:0;st:w;\"\n\t\t\t\t\t\t\t\t\tstyle=\"z-index:9;background-color:rgba(74,84,174,0.87);\"\n\t\t\t\t\t\t\t\t> \n\t\t\t\t\t\t\t\t<\/rs-layer><!--\n\n\t\t\t\t\t\t\t\t--><h1\n\t\t\t\t\t\t\t\t\tid=\"slider-8-slide-8-layer-11\" \n\t\t\t\t\t\t\t\t\tclass=\"rs-layer introductory-block-title\"\n\t\t\t\t\t\t\t\t\tdata-type=\"text\"\n\t\t\t\t\t\t\t\t\tdata-rsp_ch=\"on\"\n\t\t\t\t\t\t\t\t\tdata-xy=\"xo:84px,84px,84px,32px;yo:130px,130px,130px,49px;\"\n\t\t\t\t\t\t\t\t\tdata-text=\"w:normal;s:60,60,60,22;l:25,25,25,9;\"\n\t\t\t\t\t\t\t\t\tdata-dim=\"w:480.921875px,480.921875px,480.921875px,185px;h:46px,46px,46px,17px;\"\n\t\t\t\t\t\t\t\t\tdata-basealign=\"slide\"\n\t\t\t\t\t\t\t\t\tdata-frame_999=\"o:0;st:w;\"\n\t\t\t\t\t\t\t\t\tstyle=\"z-index:11;font-family:'bariol';.introductory-block-title{ font-family:\"Bariol\"!important;font-weight:900!important;\"\n\t\t\t\t\t\t\t\t>CBTm Programs \n\t\t\t\t\t\t\t\t<\/h1><!--\n\n\t\t\t\t\t\t\t\t--><rs-layer\n\t\t\t\t\t\t\t\t\tid=\"slider-8-slide-8-layer-12\" \n\t\t\t\t\t\t\t\t\tclass=\"introductory-block-content\"\n\t\t\t\t\t\t\t\t\tdata-type=\"text\"\n\t\t\t\t\t\t\t\t\tdata-rsp_ch=\"on\"\n\t\t\t\t\t\t\t\t\tdata-xy=\"xo:29px,29px,29px,32px;yo:187px,187px,187px,101px;\"\n\t\t\t\t\t\t\t\t\tdata-text=\"w:normal;s:40,40,40,15;l:50,50,50,19;\"\n\t\t\t\t\t\t\t\t\tdata-dim=\"w:1056px,1056px,1056px,408px;h:187px,187px,187px,72px;\"\n\t\t\t\t\t\t\t\t\tdata-basealign=\"slide\"\n\t\t\t\t\t\t\t\t\tdata-frame_999=\"o:0;st:w;\"\n\t\t\t\t\t\t\t\t\tstyle=\"z-index:10;font-family:'Open Sans';.introductory-block-title{ font-family:\"Bariol\"!important;font-weight:900!important;\"\n\t\t\t\t\t\t\t\t>CBTm is an evidence-based educational program. <br \/>\n<br \/>\nThe CBTm Hub Team have created several adaptations to better suit the needs of various populations. <br \/>\n<br \/>\nClick through the programs to learn more and register (no referrals required).  \n\t\t\t\t\t\t\t\t<\/rs-layer><!--\n\t\t\t\t\t\t\t--><\/rs-group><!--\n-->\t\t\t\t\t\t<\/rs-slide>\n\t\t\t\t\t<\/rs-slides>\n\t\t\t\t<\/rs-module>\n\t\t\t\t<script>\n\t\t\t\t\tsetREVStartSize({c: 'rev_slider_8_1',rl:[1240,1240,1240,480],el:[450,450,450,300],gw:[1240,1240,1240,480],gh:[450,450,450,350],type:'hero',justify:'',layout:'fullwidth',mh:\"0\"});if (window.RS_MODULES!==undefined && window.RS_MODULES.modules!==undefined && window.RS_MODULES.modules[\"revslider81\"]!==undefined) {window.RS_MODULES.modules[\"revslider81\"].once = false;window.revapi8 = undefined;if (window.RS_MODULES.checkMinimal!==undefined) window.RS_MODULES.checkMinimal()}\n\t\t\t\t<\/script>\n\t\t\t<\/rs-module-wrap>\n\t\t\t<!-- END REVOLUTION SLIDER -->\n<\/div>\n<\/div><\/div>\n\n\n\n<div class=\"wp-block-genesis-blocks-gb-columns submenu-navigation program-submenu gb-layout-columns-1 gb-1-col-equal gb-columns-center alignfull\" style=\"padding-top:5%;padding-right:10%;padding-bottom:5%;padding-left:10%\"><div class=\"gb-layout-column-wrap gb-block-layout-column-gap-2 gb-is-responsive-column\" style=\"max-width:2000px\">\n<div class=\"wp-block-genesis-blocks-gb-column gb-block-layout-column\"><div class=\"gb-block-layout-column-inner\"><nav style=\"font-style:normal;font-weight:700;text-transform:capitalize;\" class=\"has-text-color has-theme-secondary-color has-larger-font-size is-responsive items-justified-space-between no-wrap alignfull collapsable-menu wp-block-navigation is-horizontal is-content-justification-space-between is-nowrap is-layout-flex wp-container-core-navigation-is-layout-d781b60d wp-block-navigation-is-layout-flex\" aria-label=\"Programs - French (Canada)\" \n\t\t data-wp-interactive=\"core\/navigation\" data-wp-context='{\"overlayOpenedBy\":{\"click\":false,\"hover\":false,\"focus\":false},\"type\":\"overlay\",\"roleAttribute\":\"\",\"ariaLabel\":\"Menu\"}'><button aria-haspopup=\"dialog\" aria-label=\"Ouvrir le menu\" class=\"wp-block-navigation__responsive-container-open\" \n\t\t\t\tdata-wp-on--click=\"actions.openMenuOnClick\"\n\t\t\t\tdata-wp-on--keydown=\"actions.handleMenuKeydown\"\n\t\t\t><svg width=\"24\" height=\"24\" xmlns=\"http:\/\/www.w3.org\/2000\/svg\" viewBox=\"0 0 24 24\"><path d=\"M5 5v1.5h14V5H5z\"><\/path><path d=\"M5 12.8h14v-1.5H5v1.5z\"><\/path><path d=\"M5 19h14v-1.5H5V19z\"><\/path><\/svg><\/button>\n\t\t\t\t<div class=\"wp-block-navigation__responsive-container\"  id=\"modal-1\" \n\t\t\t\tdata-wp-class--has-modal-open=\"state.isMenuOpen\"\n\t\t\t\tdata-wp-class--is-menu-open=\"state.isMenuOpen\"\n\t\t\t\tdata-wp-watch=\"callbacks.initMenu\"\n\t\t\t\tdata-wp-on--keydown=\"actions.handleMenuKeydown\"\n\t\t\t\tdata-wp-on--focusout=\"actions.handleMenuFocusout\"\n\t\t\t\ttabindex=\"-1\"\n\t\t\t>\n\t\t\t\t\t<div class=\"wp-block-navigation__responsive-close\" tabindex=\"-1\">\n\t\t\t\t\t\t<div class=\"wp-block-navigation__responsive-dialog\" \n\t\t\t\tdata-wp-bind--aria-modal=\"state.ariaModal\"\n\t\t\t\tdata-wp-bind--aria-label=\"state.ariaLabel\"\n\t\t\t\tdata-wp-bind--role=\"state.roleAttribute\"\n\t\t\t>\n\t\t\t\t\t\t\t<button aria-label=\"Fermer le menu\" class=\"wp-block-navigation__responsive-container-close\" \n\t\t\t\tdata-wp-on--click=\"actions.closeMenuOnClick\"\n\t\t\t><svg xmlns=\"http:\/\/www.w3.org\/2000\/svg\" viewBox=\"0 0 24 24\" width=\"24\" height=\"24\" aria-hidden=\"true\" focusable=\"false\"><path d=\"m13.06 12 6.47-6.47-1.06-1.06L12 10.94 5.53 4.47 4.47 5.53 10.94 12l-6.47 6.47 1.06 1.06L12 13.06l6.47 6.47 1.06-1.06L13.06 12Z\"><\/path><\/svg><\/button>\n\t\t\t\t\t\t\t<div class=\"wp-block-navigation__responsive-container-content\" \n\t\t\t\tdata-wp-watch=\"callbacks.focusFirstElement\"\n\t\t\t id=\"modal-1-content\">\n\t\t\t\t\t\t\t\t<ul style=\"font-style:normal;font-weight:700;text-transform:capitalize;\" class=\"wp-block-navigation__container has-text-color has-theme-secondary-color has-larger-font-size is-responsive items-justified-space-between no-wrap alignfull collapsable-menu wp-block-navigation has-larger-font-size\"><li class=\"has-larger-font-size wp-block-navigation-item wp-block-navigation-link\"><a class=\"wp-block-navigation-item__content\"  href=\"https:\/\/cbtm.ca\/fr-ca\/programmes-de-tccpc\/pour-les-adultes\/\"><span class=\"wp-block-navigation-item__label\">Adultes (18+)<\/span><\/a><\/li><li class=\"has-larger-font-size wp-block-navigation-item wp-block-navigation-link\"><a class=\"wp-block-navigation-item__content\"  href=\"https:\/\/cbtm.ca\/fr-ca\/programmes-de-tccpc\/jeunes-12-17-ans\/\"><span class=\"wp-block-navigation-item__label\">Jeunes (12-17 ans)<\/span><\/a><\/li><li class=\"has-larger-font-size wp-block-navigation-item wp-block-navigation-link\"><a class=\"wp-block-navigation-item__content\"  href=\"https:\/\/cbtm.ca\/fr-ca\/programmes-de-tccpc\/physicians-medical-learners\/\"><span class=\"wp-block-navigation-item__label\">Physicians &amp; Medical Learners<\/span><\/a><\/li><li class=\"has-larger-font-size wp-block-navigation-item wp-block-navigation-link\"><a class=\"wp-block-navigation-item__content\"  href=\"https:\/\/cbtm.ca\/fr-ca\/programmes-de-tccpc\/professionnels-de-la-sante\/\"><span class=\"wp-block-navigation-item__label\">Professionnels de la sant\u00e9<\/span><\/a><\/li><li class=\"has-larger-font-size wp-block-navigation-item wp-block-navigation-link\"><a class=\"wp-block-navigation-item__content\"  href=\"https:\/\/cbtm.ca\/fr-ca\/programmes-de-tccpc\/militaires-et-anciens-combattants\/\"><span class=\"wp-block-navigation-item__label\">Militaires et anciens combattants<\/span><\/a><\/li><li class=\"has-larger-font-size wp-block-navigation-item wp-block-navigation-link\"><a class=\"wp-block-navigation-item__content\"  href=\"https:\/\/cbtm.ca\/fr-ca\/programmes-de-tccpc\/personnel-de-la-sante-publique\/\"><span class=\"wp-block-navigation-item__label\">Personnel de la sant\u00e9 publique<\/span><\/a><\/li><li class=\"has-larger-font-size wp-block-navigation-item wp-block-navigation-link\"><a class=\"wp-block-navigation-item__content\"  href=\"https:\/\/cbtm.ca\/fr-ca\/programmes-de-tccpc\/turning-pages\/\"><span class=\"wp-block-navigation-item__label\">Programme Turning Pages (50+)<\/span><\/a><\/li><li class=\"has-larger-font-size wp-block-navigation-item wp-block-navigation-link\"><a class=\"wp-block-navigation-item__content\"  href=\"https:\/\/cbtm.ca\/fr-ca\/programmes-de-tccpc\/cross-cultural\/\"><span class=\"wp-block-navigation-item__label\">Cross-Cultural<\/span><\/a><\/li><li class=\"has-larger-font-size wp-block-navigation-item wp-block-navigation-link\"><a class=\"wp-block-navigation-item__content\"  href=\"https:\/\/cbtm.ca\/fr-ca\/programmes-de-tccpc\/la-tccpc-et-actioncancer\/\"><span class=\"wp-block-navigation-item__label\">La TCCpc et ActionCancer<\/span><\/a><\/li><li class=\"has-larger-font-size wp-block-navigation-item wp-block-navigation-link\"><a class=\"wp-block-navigation-item__content\"  href=\"https:\/\/cbtm.ca\/fr-ca\/programmes-de-tccpc\/tccpc-en-francais\/\"><span class=\"wp-block-navigation-item__label\">TCCpc en fran\u00e7ais<\/span><\/a><\/li><\/ul>\n\t\t\t\t\t\t\t<\/div>\n\t\t\t\t\t\t<\/div>\n\t\t\t\t\t<\/div>\n\t\t\t\t<\/div><\/nav><\/div><\/div>\n<\/div><\/div>\n\n\n\n<div class=\"wp-block-genesis-blocks-gb-columns gb-layout-columns-2 gb-2-col-wideleft alignfull\" style=\"padding-top:5%;padding-right:15%;padding-bottom:5%;padding-left:15%\"><div class=\"gb-layout-column-wrap gb-block-layout-column-gap-2 gb-is-responsive-column\">\n<div class=\"wp-block-genesis-blocks-gb-column pop-card four-quadrant-block gb-block-layout-column\"><div class=\"gb-block-layout-column-inner has-white-background-color\" style=\"padding:3%\">\n<h2 class=\"wp-block-heading\">Programme <em>Turning Pages<\/em> (50+)<\/h2>\n\n\n\n<div class=\"wp-block-columns is-layout-flex wp-container-core-columns-is-layout-9d6595d7 wp-block-columns-is-layout-flex\">\n<div class=\"wp-block-column is-layout-flow wp-block-column-is-layout-flow\" style=\"flex-basis:100%\">\n<p>Le programme <em>Turning Page<\/em> est un programme de th\u00e9rapie cognitivo-comportementale de la pleine conscience (TCCpc) et de soutien par les pairs qui s\u2019adresse \u00e0 des personnes de 50 ans et plus.<\/p>\n<\/div>\n<\/div>\n\n\n\n<div class=\"wp-block-columns is-layout-flex wp-container-core-columns-is-layout-9d6595d7 wp-block-columns-is-layout-flex\">\n<div class=\"wp-block-column is-layout-flow wp-block-column-is-layout-flow\" style=\"flex-basis:100%\">\n<h2 class=\"wp-block-heading\">Qui peut s\u2019inscrire?<\/h2>\n\n\n\n<p>Le programme s\u2019adresse \u00e0 des personnes de 50 ans et plus.<\/p>\n<\/div>\n<\/div>\n\n\n\n<div class=\"wp-block-columns is-layout-flex wp-container-core-columns-is-layout-9d6595d7 wp-block-columns-is-layout-flex\">\n<div class=\"wp-block-column is-layout-flow wp-block-column-is-layout-flow\" style=\"flex-basis:100%\">\n<h2 class=\"wp-block-heading\"><em>Turning Pages<\/em> est-il le programme de TCCpc id\u00e9al pour moi?<\/h2>\n\n\n\n<p>Le programme de TCCpc <em>Turning Pages<\/em> peut \u00eatre b\u00e9n\u00e9fique pour des adultes de plus de 50 ans qui ressentent de la tristesse ou de l\u2019anxi\u00e9t\u00e9 ou qui sont confront\u00e9s \u00e0 des d\u00e9fis li\u00e9s \u00e0 des transitions, comme la retraite ou le r\u00f4le de proches aidants.<\/p>\n<\/div>\n<\/div>\n\n\n\n<div class=\"wp-block-columns is-layout-flex wp-container-core-columns-is-layout-9d6595d7 wp-block-columns-is-layout-flex\">\n<div class=\"wp-block-column is-layout-flow wp-block-column-is-layout-flow\" style=\"flex-basis:100%\">\n<h2 class=\"wp-block-heading\">Qu\u2019est-ce que je vais apprendre?<\/h2>\n\n\n\n<p><em>Turning Pages<\/em> est un programme communautaire innovateur en sant\u00e9 mentale et est offert en partenariat avec l\u2019Universit\u00e9 du Manitoba. Il a pour objectif de soulager les sympt\u00f4mes li\u00e9s \u00e0 des probl\u00e8mes de sant\u00e9 mentale gr\u00e2ce \u00e0 l\u2019\u00e9ducation, \u00e0 l\u2019acquisition de comp\u00e9tences, au soutien par des pairs et aux connexions communautaires. <em>Turning Pages<\/em> s\u2019appuie sur des pratiques exemplaires et fond\u00e9es sur des donn\u00e9es probantes et vise \u00e0 am\u00e9liorer la sant\u00e9 mentale des personnes plus \u00e2g\u00e9es.<\/p>\n<\/div>\n<\/div>\n<\/div><\/div>\n\n\n\n<div class=\"wp-block-genesis-blocks-gb-column pop-card gb-block-layout-column\"><div class=\"gb-block-layout-column-inner has-white-background-color\" style=\"padding:3%\">\n<h2 class=\"wp-block-heading\">Pour s\u2019inscrire :<\/h2>\n\n\n\n<p>Cliquez sur le bouton ci-apr\u00e8s pour vous inscrire et cr\u00e9er votre profil pour la TCCpc.<\/p>\n\n\n\n<div style=\"height:30px\" aria-hidden=\"true\" class=\"wp-block-spacer\"><\/div>\n\n\n\n<div class=\"wp-block-columns is-layout-flex wp-container-core-columns-is-layout-9d6595d7 wp-block-columns-is-layout-flex\">\n<div class=\"wp-block-column is-layout-flow wp-block-column-is-layout-flow\" style=\"flex-basis:100%\">\n<div class=\"wp-block-buttons is-content-justification-center is-layout-flex wp-container-core-buttons-is-layout-16018d1d wp-block-buttons-is-layout-flex\">\n<div class=\"wp-block-button gb-block-button\"><a class=\"wp-block-button__link has-text-color has-background has-custom-font-size wp-element-button\" href=\"https:\/\/www.cmhaacrossmb.ca\/events\/turning-pages-2026\/\" style=\"border-radius:5px;color:#ffffff;background-color:#4a54ae;padding-top:10px;padding-right:1em;padding-bottom:10px;padding-left:1em;font-size:20px;line-height:2\" target=\"_blank\" rel=\"noreferrer noopener\">INSCRIVEZ-VOUS ICI<\/a><\/div>\n<\/div>\n\n\n\n<h2 class=\"wp-block-heading\">Co\u00fbt :<\/h2>\n\n\n\n<p> 50 $ par personne (une exemption de frais peut \u00eatre accord\u00e9e au besoin).<\/p>\n<\/div>\n<\/div>\n<\/div><\/div>\n<\/div><\/div>\n","protected":false},"excerpt":{"rendered":"","protected":false},"author":57,"featured_media":0,"parent":5653,"menu_order":0,"comment_status":"closed","ping_status":"closed","template":"","meta":{"_lmt_disableupdate":"","_lmt_disable":"","_monsterinsights_skip_tracking":false,"_monsterinsights_sitenote_active":false,"_monsterinsights_sitenote_note":"","_monsterinsights_sitenote_category":0,"_genesis_hide_title":false,"_genesis_hide_breadcrumbs":false,"_genesis_hide_singular_image":false,"_genesis_hide_footer_widgets":false,"_genesis_custom_body_class":"","_genesis_custom_post_class":"","_genesis_layout":"","_vp_format_video_url":"","_vp_image_focal_point":[],"footnotes":""},"class_list":{"0":"post-5725","1":"page","2":"type-page","3":"status-publish","5":"entry"},"aioseo_notices":[],"featured_image_src":null,"featured_image_src_square":null,"_links":{"self":[{"href":"https:\/\/cbtm.ca\/fr-ca\/wp-json\/wp\/v2\/pages\/5725","targetHints":{"allow":["GET"]}}],"collection":[{"href":"https:\/\/cbtm.ca\/fr-ca\/wp-json\/wp\/v2\/pages"}],"about":[{"href":"https:\/\/cbtm.ca\/fr-ca\/wp-json\/wp\/v2\/types\/page"}],"author":[{"embeddable":true,"href":"https:\/\/cbtm.ca\/fr-ca\/wp-json\/wp\/v2\/users\/57"}],"replies":[{"embeddable":true,"href":"https:\/\/cbtm.ca\/fr-ca\/wp-json\/wp\/v2\/comments?post=5725"}],"version-history":[{"count":2,"href":"https:\/\/cbtm.ca\/fr-ca\/wp-json\/wp\/v2\/pages\/5725\/revisions"}],"predecessor-version":[{"id":7279,"href":"https:\/\/cbtm.ca\/fr-ca\/wp-json\/wp\/v2\/pages\/5725\/revisions\/7279"}],"up":[{"embeddable":true,"href":"https:\/\/cbtm.ca\/fr-ca\/wp-json\/wp\/v2\/pages\/5653"}],"wp:attachment":[{"href":"https:\/\/cbtm.ca\/fr-ca\/wp-json\/wp\/v2\/media?parent=5725"}],"curies":[{"name":"wp","href":"https:\/\/api.w.org\/{rel}","templated":true}]}}