{"id":5777,"date":"2022-03-23T17:15:09","date_gmt":"2022-03-23T22:15:09","guid":{"rendered":"https:\/\/cbtm.ca\/pour-lanimation\/"},"modified":"2026-03-19T19:56:38","modified_gmt":"2026-03-20T00:56:38","slug":"pour-lanimation","status":"publish","type":"page","link":"https:\/\/cbtm.ca\/fr-ca\/pour-lanimation\/","title":{"rendered":"Pour les animateurs"},"content":{"rendered":"\n<div class=\"wp-block-genesis-blocks-gb-columns submenu-navigation facilitator-menu gb-layout-columns-1 one-column gb-has-custom-background-color alignfull\" style=\"padding-top:1%;padding-right:15%;padding-bottom:1%;padding-left:15%;background-color:#f0f1f8\"><div class=\"gb-layout-column-wrap gb-block-layout-column-gap-2 gb-is-responsive-column\">\n<div class=\"wp-block-genesis-blocks-gb-column gb-block-layout-column\"><div class=\"gb-block-layout-column-inner gb-has-custom-background-color\" style=\"padding:1%;background-color:#f0f1f8\">\n\n\n\n\n<\/p>\n\n\n<nav style=\"font-style:normal;font-weight:700;text-transform:capitalize;\" class=\"has-text-color has-theme-secondary-color has-larger-font-size is-responsive items-justified-space-between alignfull wp-block-navigation is-content-justification-space-between is-layout-flex wp-container-core-navigation-is-layout-3d213aab wp-block-navigation-is-layout-flex\" aria-label=\"Facilitators (Logged Out) - French (Canada)\" \n\t\t data-wp-interactive=\"core\/navigation\" data-wp-context='{\"overlayOpenedBy\":{\"click\":false,\"hover\":false,\"focus\":false},\"type\":\"overlay\",\"roleAttribute\":\"\",\"ariaLabel\":\"Menu\"}'><button aria-haspopup=\"dialog\" aria-label=\"Ouvrir le menu\" class=\"wp-block-navigation__responsive-container-open\" \n\t\t\t\tdata-wp-on--click=\"actions.openMenuOnClick\"\n\t\t\t\tdata-wp-on--keydown=\"actions.handleMenuKeydown\"\n\t\t\t><svg width=\"24\" height=\"24\" xmlns=\"http:\/\/www.w3.org\/2000\/svg\" viewBox=\"0 0 24 24\" aria-hidden=\"true\" focusable=\"false\"><path d=\"M4 7.5h16v1.5H4z\"><\/path><path d=\"M4 15h16v1.5H4z\"><\/path><\/svg><\/button>\n\t\t\t\t<div class=\"wp-block-navigation__responsive-container\"  id=\"modal-2\" \n\t\t\t\tdata-wp-class--has-modal-open=\"state.isMenuOpen\"\n\t\t\t\tdata-wp-class--is-menu-open=\"state.isMenuOpen\"\n\t\t\t\tdata-wp-watch=\"callbacks.initMenu\"\n\t\t\t\tdata-wp-on--keydown=\"actions.handleMenuKeydown\"\n\t\t\t\tdata-wp-on--focusout=\"actions.handleMenuFocusout\"\n\t\t\t\ttabindex=\"-1\"\n\t\t\t>\n\t\t\t\t\t<div class=\"wp-block-navigation__responsive-close\" tabindex=\"-1\">\n\t\t\t\t\t\t<div class=\"wp-block-navigation__responsive-dialog\" \n\t\t\t\tdata-wp-bind--aria-modal=\"state.ariaModal\"\n\t\t\t\tdata-wp-bind--aria-label=\"state.ariaLabel\"\n\t\t\t\tdata-wp-bind--role=\"state.roleAttribute\"\n\t\t\t>\n\t\t\t\t\t\t\t<button aria-label=\"Fermer le menu\" class=\"wp-block-navigation__responsive-container-close\" \n\t\t\t\tdata-wp-on--click=\"actions.closeMenuOnClick\"\n\t\t\t><svg xmlns=\"http:\/\/www.w3.org\/2000\/svg\" viewBox=\"0 0 24 24\" width=\"24\" height=\"24\" aria-hidden=\"true\" focusable=\"false\"><path d=\"m13.06 12 6.47-6.47-1.06-1.06L12 10.94 5.53 4.47 4.47 5.53 10.94 12l-6.47 6.47 1.06 1.06L12 13.06l6.47 6.47 1.06-1.06L13.06 12Z\"><\/path><\/svg><\/button>\n\t\t\t\t\t\t\t<div class=\"wp-block-navigation__responsive-container-content\" \n\t\t\t\tdata-wp-watch=\"callbacks.focusFirstElement\"\n\t\t\t id=\"modal-2-content\">\n\t\t\t\t\t\t\t\t<ul style=\"font-style:normal;font-weight:700;text-transform:capitalize;\" class=\"wp-block-navigation__container has-text-color has-theme-secondary-color has-larger-font-size is-responsive items-justified-space-between alignfull wp-block-navigation has-larger-font-size\"><li class=\"has-larger-font-size wp-block-navigation-item wp-block-navigation-link\"><a class=\"wp-block-navigation-item__content\"  href=\"https:\/\/cbtm.ca\/fr-ca\/pour-lanimation\/ouverture-de-session\/\"><span class=\"wp-block-navigation-item__label\">Ouverture de session<\/span><\/a><\/li><li class=\"has-larger-font-size wp-block-navigation-item wp-block-navigation-link\"><a class=\"wp-block-navigation-item__content\"  href=\"https:\/\/cbtm.ca\/fr-ca\/pour-lanimation\/atelier-pour-lanimation\/\"><span class=\"wp-block-navigation-item__label\">Atelier pour l\u2019animation<\/span><\/a><\/li><li class=\"has-larger-font-size wp-block-navigation-item wp-block-navigation-link\"><a class=\"wp-block-navigation-item__content\"  href=\"https:\/\/cbtm.ca\/fr-ca\/pour-lanimation\/creer-un-compte-pour-lanimation\/\"><span class=\"wp-block-navigation-item__label\">Cr\u00e9er un compte pour l\u2019animation<\/span><\/a><\/li><li class=\"has-larger-font-size wp-block-navigation-item wp-block-navigation-link\"><a class=\"wp-block-navigation-item__content\"  href=\"https:\/\/cbtm.ca\/fr-ca\/pour-lanimation\/cross-cultural-cbtm-workshop\/\"><span class=\"wp-block-navigation-item__label\">Atelier TCCpc interculturels<\/span><\/a><\/li><\/ul>\n\t\t\t\t\t\t\t<\/div>\n\t\t\t\t\t\t<\/div>\n\t\t\t\t\t<\/div>\n\t\t\t\t<\/div><\/nav>\n\n\n<p>\n<\/div><\/div>\n<\/div><\/div>\n\n\n\n<div class=\"wp-block-genesis-blocks-gb-columns gb-layout-columns-2 gb-2-col-wideleft has-white-background-color alignfull\" style=\"padding-top:5%;padding-right:15%;padding-left:15%\"><div class=\"gb-layout-column-wrap gb-block-layout-column-gap-0 gb-is-responsive-column\">\n<div class=\"wp-block-genesis-blocks-gb-column gb-block-layout-column\"><div class=\"gb-block-layout-column-inner\">\n<h1 class=\"wp-block-heading alignfull\">Pour les animateurs des cours sur la TCCpc<\/h1>\n\n\n\n<div class=\"wp-block-columns is-layout-flex wp-container-core-columns-is-layout-9d6595d7 wp-block-columns-is-layout-flex\">\n<div class=\"wp-block-column is-layout-flow wp-block-column-is-layout-flow\" style=\"flex-basis:100%\">\n<p>L\u2019\u00e9quipe de TCCpc regroupe des professionnels de divers domaines, comme la psychiatrie, la psychologie et le travail social. Ces professionnels poss\u00e8dent une expertise en th\u00e9rapie cognitivo-comportementale. L\u2019\u00e9quipe est d\u00e9termin\u00e9e \u00e0 soutenir l\u2019am\u00e9lioration des soins en sant\u00e9 mentale et l\u2019acc\u00e8s \u00e0 ces soins pour toutes les personnes. Elle tient \u00e0 offrir son soutien continu au milieu de la sant\u00e9 mentale par la promotion et la mise en \u0153uvre de cours sur la TCCpc. <\/p>\n<\/div>\n<\/div>\n\n\n\n<p><\/p>\n\n\n\n<div class=\"wp-block-columns is-layout-flex wp-container-core-columns-is-layout-9d6595d7 wp-block-columns-is-layout-flex\">\n<div class=\"wp-block-column is-layout-flow wp-block-column-is-layout-flow\" style=\"flex-basis:100%\">\n<p>Si vous avez r\u00e9cemment suivi un atelier de formation en animation, nous vous recommandons d\u2019observer des cours sur la TCCpc donn\u00e9s par des formateurs chevronn\u00e9s. Notre \u00e9quipe vous encourage \u00e0 observer chacun des cours (cours 1 \u00e0 5) au moins une fois, pour ensuite faire de la coanimation afin de parfaire vos comp\u00e9tences et de vous familiariser avec le mat\u00e9riel sur la TCCpc!<\/p>\n<\/div>\n<\/div>\n\n\n\n<p><\/p>\n\n\n\n<div class=\"wp-block-columns is-layout-flex wp-container-core-columns-is-layout-9d6595d7 wp-block-columns-is-layout-flex\">\n<div class=\"wp-block-column is-layout-flow wp-block-column-is-layout-flow\" style=\"flex-basis:100%\">\n<p>Dans plusieurs endroits o\u00f9 sont offerts des cours sur la TCCpc, on permet \u00e0 des personnes nouvellement form\u00e9es de faire de l\u2019observation. Pour en savoir plus sur les possibilit\u00e9s d\u2019observation et de coanimation des cours sur la TCCpc, veuillez communiquer par courriel avec l\u2019\u00e9quipe de TCCpc, \u00e0 l\u2019adresse <a href=\"mailto:cbtm@umanitoba.ca\" title=\"\">cbtm@umanitoba.ca<\/a>!<\/p>\n<\/div>\n<\/div>\n\n\n\n<p><\/p>\n<\/div><\/div>\n\n\n\n<div class=\"wp-block-genesis-blocks-gb-column gb-block-layout-column\"><div class=\"gb-block-layout-column-inner\">\n<p><\/p>\n<\/div><\/div>\n<\/div><\/div>\n\n\n\n<div class=\"wp-block-genesis-blocks-gb-columns gb-layout-columns-1 one-column has-white-background-color alignfull\" style=\"padding-right:15%;padding-bottom:5%;padding-left:15%\"><div class=\"gb-layout-column-wrap gb-block-layout-column-gap-0 gb-is-responsive-column\">\n<div class=\"wp-block-genesis-blocks-gb-column gb-block-layout-column\"><div class=\"gb-block-layout-column-inner\">\n\n<section class=\"interest-block\">\n    <h1><\/h1>\n    <div style=\"margin:1vw;color: #4A54AE\">\n\n    <\/div>\n    <div class=\"interest-block-1\">\n      <div>\n        <h2 class=\"interest-block-1-text\" style=\"color:#F5F2F9\">Acc\u00e9der au mat\u00e9riel d\u2019animation<\/h2>\n      <\/div>\n      <div>\n        <button class=\"interest-block-1-button\">\n            <a href=\"https:\/\/cbtm.ca\/fr-ca\/pour-lanimation\/ouverture-de-session\/\" style=\"color:#8864b9!important\">Ouverture de session\n            <\/a><\/button>\n      <\/div>\n    <\/div>\n    \n    <div class=\"interest-block-2\">\n      <div>\n        <h2 class=\"interest-block-2-text\" style=\"color:black\">Information sur la formation pour l\u2019animation<\/h2>\n      <\/div>\n      <div>\n        <button class=\"interest-block-2-button\">\n            <a href=\"https:\/\/cbtm.ca\/for-facilitators\/facilitator-workshop\/\" style=\"color:#000000!important\">Inscription\n            <\/a><\/button>\n      <\/div>\n    <\/div>\n    \n<\/section>\n\t\t<style>.interest-block{\n    display:block;\n    height:clamp(175px,17vw,220px)\n    margin:auto;\n    color:blue;\n    width:100%;\n    min-height:150px;\n    \n  }\n  .interest-block-1{\n    min-height:150px;\n    float: left;\n    width:48%;\n    height:100%;\n    padding:3%;\n    box-shadow: 0px 0px 0px 4000px rgba(136, 100, 185, 0.87) inset;\n    background-image: url(\"https:\/\/cbtm.ca\/wp-content\/uploads\/2022\/07\/Learning-about-CBTm-low-res-2.png\");\n    background-size:cover;\n    font-family: 'bariol';\n    font-weight:900;\n    border-radius: 10px; \n  }\n  .interest-block-2{\n    min-height:150px;\n    float:right;\n    width:48%;\n    padding:3%;\n    height:100%;\n    box-shadow: 0px 0px 0px 4000px rgb(109, 192, 213, 0.87) inset;\n    background-size:cover;\n    background-image: url(\"https:\/\/cbtm.ca\/wp-content\/uploads\/2022\/07\/becoming-a-facilitator-low-res-2.png\");\n    font-family: 'bariol' ;\n    font-weight:900;\n    border-radius: 10px; \n   }\n  .interest-block-1-button, .interest-block-2-button{\n    display:block;\n    background:white;    \n    text-align: center;\n    float:right;\n    border-radius: 5px;\n    padding: 1.5% 5%;\n    font-weight:500;\n    max-width:150px;\n\n  }\n  .interest-block-1-button:hover, .interest-block-2-button:hover{\n      transform:scale(1.05);\n      background:#F0F1F8;\n  }\n  \n  .interest-block-1-button:active, .interest-block-2-button:active, .interest-block-1-button:focus, .interest-block-2-button:focus{\n      transform:scale(1.05);\n      background:white;\n  }\n  \n  \n  \n  .interest-block-1-text, .interest-block-2-text{\n    color: white;\n    text-decoration: none;\n \n    \n  }\n  \n  @media screen and (max-width:960px){\n     .interest-block{\n        height:clamp(150px,30vw,220px);\n          \n      }\n    .interest-block-1{\n    min-height:150px;\n      width:100%;\n      float:left;\n      margin-left:0;\n      margin-top:1%;\n      margin-bottom:5%;\n      \n    }\n    .interest-block-2{\n    min-height:150px;\n      width:100%;\n      float:left;\n      margin-left:0;\n      margin-top:4%;\n      margin-bottom:5%;\n      \n    }\n  }<\/style>\n\t\t<\/div><\/div>\n<\/div><\/div>\n","protected":false},"excerpt":{"rendered":"","protected":false},"author":57,"featured_media":0,"parent":0,"menu_order":0,"comment_status":"closed","ping_status":"closed","template":"","meta":{"_monsterinsights_skip_tracking":false,"_monsterinsights_sitenote_active":false,"_monsterinsights_sitenote_note":"","_monsterinsights_sitenote_category":0,"_genesis_hide_title":false,"_genesis_hide_breadcrumbs":false,"_genesis_hide_singular_image":false,"_genesis_hide_footer_widgets":false,"_genesis_custom_body_class":"","_genesis_custom_post_class":"","_genesis_layout":"","_vp_format_video_url":"","_vp_image_focal_point":[],"footnotes":""},"class_list":{"0":"post-5777","1":"page","2":"type-page","3":"status-publish","5":"entry"},"aioseo_notices":[],"featured_image_src":null,"featured_image_src_square":null,"_links":{"self":[{"href":"https:\/\/cbtm.ca\/fr-ca\/wp-json\/wp\/v2\/pages\/5777","targetHints":{"allow":["GET"]}}],"collection":[{"href":"https:\/\/cbtm.ca\/fr-ca\/wp-json\/wp\/v2\/pages"}],"about":[{"href":"https:\/\/cbtm.ca\/fr-ca\/wp-json\/wp\/v2\/types\/page"}],"author":[{"embeddable":true,"href":"https:\/\/cbtm.ca\/fr-ca\/wp-json\/wp\/v2\/users\/57"}],"replies":[{"embeddable":true,"href":"https:\/\/cbtm.ca\/fr-ca\/wp-json\/wp\/v2\/comments?post=5777"}],"version-history":[{"count":1,"href":"https:\/\/cbtm.ca\/fr-ca\/wp-json\/wp\/v2\/pages\/5777\/revisions"}],"predecessor-version":[{"id":7281,"href":"https:\/\/cbtm.ca\/fr-ca\/wp-json\/wp\/v2\/pages\/5777\/revisions\/7281"}],"wp:attachment":[{"href":"https:\/\/cbtm.ca\/fr-ca\/wp-json\/wp\/v2\/media?parent=5777"}],"curies":[{"name":"wp","href":"https:\/\/api.w.org\/{rel}","templated":true}]}}